{"id":37,"date":"2019-08-29T12:41:25","date_gmt":"2019-08-29T12:41:25","guid":{"rendered":"http:\/\/munkacs-diocese.org\/slo\/?page_id=37"},"modified":"2024-07-19T17:03:26","modified_gmt":"2024-07-19T15:03:26","slug":"biskup","status":"publish","type":"page","link":"https:\/\/munkacs-diocese.org\/slo\/biskup\/","title":{"rendered":"Biskupi"},"content":{"rendered":"<p>[et_pb_section fb_built=&#8220;1&#8243; _builder_version=&#8220;4.16&#8243; global_colors_info=&#8220;{}&#8220;][et_pb_row _builder_version=&#8220;4.16&#8243; background_size=&#8220;initial&#8220; background_position=&#8220;top_left&#8220; background_repeat=&#8220;repeat&#8220; global_colors_info=&#8220;{}&#8220;][et_pb_column type=&#8220;4_4&#8243; _builder_version=&#8220;4.16&#8243; custom_padding=&#8220;|||&#8220; global_colors_info=&#8220;{}&#8220; custom_padding__hover=&#8220;|||&#8220;][et_pb_text _builder_version=&#8220;4.23.1&#8243; custom_padding=&#8220;4px|||||&#8220; z_index_tablet=&#8220;500&#8243; text_text_shadow_horizontal_length_tablet=&#8220;0px&#8220; text_text_shadow_vertical_length_tablet=&#8220;0px&#8220; text_text_shadow_blur_strength_tablet=&#8220;1px&#8220; link_text_shadow_horizontal_length_tablet=&#8220;0px&#8220; link_text_shadow_vertical_length_tablet=&#8220;0px&#8220; link_text_shadow_blur_strength_tablet=&#8220;1px&#8220; ul_text_shadow_horizontal_length_tablet=&#8220;0px&#8220; ul_text_shadow_vertical_length_tablet=&#8220;0px&#8220; ul_text_shadow_blur_strength_tablet=&#8220;1px&#8220; ol_text_shadow_horizontal_length_tablet=&#8220;0px&#8220; ol_text_shadow_vertical_length_tablet=&#8220;0px&#8220; ol_text_shadow_blur_strength_tablet=&#8220;1px&#8220; quote_text_shadow_horizontal_length_tablet=&#8220;0px&#8220; quote_text_shadow_vertical_length_tablet=&#8220;0px&#8220; quote_text_shadow_blur_strength_tablet=&#8220;1px&#8220; header_text_shadow_horizontal_length_tablet=&#8220;0px&#8220; header_text_shadow_vertical_length_tablet=&#8220;0px&#8220; header_text_shadow_blur_strength_tablet=&#8220;1px&#8220; header_2_text_shadow_horizontal_length_tablet=&#8220;0px&#8220; header_2_text_shadow_vertical_length_tablet=&#8220;0px&#8220; header_2_text_shadow_blur_strength_tablet=&#8220;1px&#8220; header_3_text_shadow_horizontal_length_tablet=&#8220;0px&#8220; header_3_text_shadow_vertical_length_tablet=&#8220;0px&#8220; header_3_text_shadow_blur_strength_tablet=&#8220;1px&#8220; header_4_text_shadow_horizontal_length_tablet=&#8220;0px&#8220; header_4_text_shadow_vertical_length_tablet=&#8220;0px&#8220; header_4_text_shadow_blur_strength_tablet=&#8220;1px&#8220; header_5_text_shadow_horizontal_length_tablet=&#8220;0px&#8220; header_5_text_shadow_vertical_length_tablet=&#8220;0px&#8220; header_5_text_shadow_blur_strength_tablet=&#8220;1px&#8220; header_6_text_shadow_horizontal_length_tablet=&#8220;0px&#8220; header_6_text_shadow_vertical_length_tablet=&#8220;0px&#8220; header_6_text_shadow_blur_strength_tablet=&#8220;1px&#8220; box_shadow_horizontal_tablet=&#8220;0px&#8220; box_shadow_vertical_tablet=&#8220;0px&#8220; box_shadow_blur_tablet=&#8220;40px&#8220; box_shadow_spread_tablet=&#8220;0px&#8220; global_colors_info=&#8220;{}&#8220;]<\/p>\n<blockquote><\/blockquote>\n<p style=\"text-align: center;\"><strong>Diec\u00e9zny Biskup <span style=\"font-family: arial, helvetica, sans-serif;\"><span style=\"font-family: inherit;\">Mikul\u00e1\u0161<\/span> <\/span>L\u00fa\u010dok OP<\/strong><\/p>\n<blockquote><\/blockquote>\n<p><img loading=\"lazy\" decoding=\"async\" class=\"wp-image-649 aligncenter size-full\" src=\"http:\/\/munkacs-diocese.org\/slo\/wp-content\/uploads\/2024\/01\/0Y1A1219-scaled-e1688643554573-1.jpg\" alt=\"\" width=\"355\" height=\"532\" srcset=\"https:\/\/munkacs-diocese.org\/slo\/wp-content\/uploads\/2024\/01\/0Y1A1219-scaled-e1688643554573-1.jpg 355w, https:\/\/munkacs-diocese.org\/slo\/wp-content\/uploads\/2024\/01\/0Y1A1219-scaled-e1688643554573-1-200x300.jpg 200w\" sizes=\"(max-width: 355px) 100vw, 355px\" \/><\/p>\n<p>Biskup Mons. <span style=\"font-family: inherit; font-weight: normal;\">Mikul\u00e1\u0161 <\/span>L\u00fa\u010dok sa narodil 26. marca 1974 v Muka\u010deve.<\/p>\n<p>Roku 1994 vst\u00fapil do rehole Bratov kazate\u013eov, v ktorej roku 2000 zlo\u017eil ve\u010dn\u00e9 s\u013euby. Teologick\u00e9 vzdelanie z\u00edskal na dominik\u00e1nskej Filozoficko-teologickej fakulte v Krakove, Po\u013esko. Po k\u0148azskej vysviacke, ktor\u00fa prijal 24. j\u00fana 2003, otec <span style=\"font-family: inherit; font-weight: normal;\">Mikul\u00e1\u0161 <\/span>sl\u00fa\u017eil na Jalte, v Sankt-Peterburgu, v \u010cortkove, vo \u013dvove a v Chmelnickom.<\/p>\n<p>Menovanie za pomocn\u00e9ho biskupa Vatik\u00e1n ozn\u00e1mil 11. novembra 2019. Jeho biskupsk\u00e1 vysviacka sa uskuto\u010dnila 10. decembra 2019 v Muka\u010deve.<\/p>\n<p><span>Od 28. janu\u00e1ra 2022 bol apo\u0161tolsk\u00fdm administr\u00e1torom <\/span><i>sede vacante et ad nutum Sanctae Sedis <\/i><span>Muka\u010devskej diec\u00e9zy. <\/span><\/p>\n<p><span>Sv\u00e4t\u00fd Otec Franti\u0161ek v sobotu 7. okt\u00f3bra vymenoval biskupa <span style=\"font-family: inherit; font-weight: normal;\">Mikul\u00e1\u0161a<\/span> Lu\u010doka OP za diec\u00e9zneho biskupa Muka\u010devskej latinskej diec\u00e9zy.<\/span><\/p>\n<p><span><\/span><\/p>\n<p style=\"text-align: center;\">Biskupsk\u00e9 heslo:<br \/><strong>MISERICORDIA<\/strong><\/p>\n<p>[\/et_pb_text][et_pb_divider color=&#8220;#ecf0f5&#8243; _builder_version=&#8220;4.16&#8243; z_index_tablet=&#8220;500&#8243; box_shadow_horizontal_tablet=&#8220;0px&#8220; box_shadow_vertical_tablet=&#8220;0px&#8220; box_shadow_blur_tablet=&#8220;40px&#8220; box_shadow_spread_tablet=&#8220;0px&#8220; global_colors_info=&#8220;{}&#8220;][\/et_pb_divider][et_pb_text _builder_version=&#8220;4.23.1&#8243; background_size=&#8220;initial&#8220; background_position=&#8220;top_left&#8220; background_repeat=&#8220;repeat&#8220; global_colors_info=&#8220;{}&#8220;]<\/p>\n<p style=\"text-align: center;\"><strong>Anton Majnek<br \/><span style=\"font-family: arial, helvetica, sans-serif;\">emeritn\u00fd biskup<\/span><\/strong><\/p>\n<p><img loading=\"lazy\" decoding=\"async\" class=\"aligncenter wp-image-38 size-full\" src=\"http:\/\/munkacs-diocese.org\/slo\/wp-content\/uploads\/2019\/08\/majnek-antal.jpg\" alt=\"\" width=\"800\" height=\"600\" srcset=\"https:\/\/munkacs-diocese.org\/slo\/wp-content\/uploads\/2019\/08\/majnek-antal.jpg 800w, https:\/\/munkacs-diocese.org\/slo\/wp-content\/uploads\/2019\/08\/majnek-antal-300x225.jpg 300w, https:\/\/munkacs-diocese.org\/slo\/wp-content\/uploads\/2019\/08\/majnek-antal-768x576.jpg 768w\" sizes=\"(max-width: 800px) 100vw, 800px\" \/><\/p>\n<p>Narodil sa 18. novembra 1951 v Budape\u0161ti. Po z\u00edskan\u00ed diplomu elektroin\u017einiera na Technickej univerzite v Budape\u0161ti sa prihl\u00e1sil do rehole\u00a0 Men\u0161\u00edch bratov, do ma\u010farskej provincie pomenovanej po sv. J\u00e1novi Kapistr\u00e1nskom. Teologick\u00e9 \u0161t\u00fadi\u00e1 absolvoval na Franti\u0161k\u00e1nskej teologickej fakulte v Ostrihome a Budape\u0161ti. Reho\u013en\u00e9 s\u013euby zlo\u017eil 15. septembra 1981 a 17. apr\u00edla 1982 bol v Budape\u0161ti vysv\u00e4ten\u00fd za k\u0148aza. Potom p\u00f4sobil ako u\u010dite\u013e fyziky a n\u00e1bo\u017eenstva na Franti\u0161k\u00e1nskom Gymn\u00e1ziu v Szentendre.<\/p>\n<p>Po zmene re\u017eimu v j\u00fali 1989 spolu s 2 bratmi reho\u013en\u00edkmi odi\u0161iel na Zakarpatie sl\u00fa\u017ei\u0165 ma\u010farsk\u00fdm veriacim. Ako far\u00e1r v Chuste vykon\u00e1val du\u0161pastiersku \u010dinnos\u0165 v okresoch Chust a \u0164a\u010div. Popritom od roku 1993 pracoval aj ako vik\u00e1r pre ma\u010farsk\u00fdch veriacich na Zakarpat\u00ed.<\/p>\n<p>9. decembra 1995 J\u00e1n Pavol II. vymenoval Antala Majneka za febianskeho titul\u00e1rneho biskupa, za ordin\u00e1ra Zakarpatskej apo\u0161tolskej administrat\u00fary a 27. marca 2002 za prv\u00e9ho muka\u010devsk\u00e9ho diec\u00e9zneho biskupa latinsk\u00e9ho obradu. Sl\u00e1vnostn\u00e9 uvedenie do \u00faradu sa konalo 27. septembra 2002 v muka\u010devskej katedr\u00e1le sv. Martina z Tours. Obrad celebrovali kardin\u00e1l metropolita Marian Jaworski a p\u00e1pe\u017esk\u00fd nuncius Nikola Eterovi\u010d.<\/p>\n<p>V r\u00e1mci ukrajinskej r\u00edmskokatol\u00edckej biskupskej konferencie je arcipastier zodpovedn\u00fd za migr\u00e1ciu a ekol\u00f3giu.\u00a0<\/p>\n<p><span>P\u00e1pe\u017e Franti\u0161ek v piatok 28. janu\u00e1ra 2022 prijal zrieknutie sa pastora\u010dn\u00e9ho vedenia Muka\u010devskej latinskej diec\u00e9zy na Ukrajine zo strany Mons. Antona Majneka OFM.<\/span><\/p>\n<p style=\"text-align: center;\">Biskupsk\u00e9 heslo:<br \/><strong>DOMINUS FORTITUDO MEA<\/strong><br \/><strong>(P\u00e1n je moja sila)<\/strong><\/p>\n<p>[\/et_pb_text][\/et_pb_column][\/et_pb_row][\/et_pb_section]<\/p>\n","protected":false},"excerpt":{"rendered":"<p>Diec\u00e9zny Biskup Mikul\u00e1\u0161 L\u00fa\u010dok OP Biskup Mons. Mikul\u00e1\u0161 L\u00fa\u010dok sa narodil 26. marca 1974 v Muka\u010deve. Roku 1994 vst\u00fapil do rehole Bratov kazate\u013eov, v ktorej roku 2000 zlo\u017eil ve\u010dn\u00e9 s\u013euby. Teologick\u00e9 vzdelanie z\u00edskal na dominik\u00e1nskej Filozoficko-teologickej fakulte v Krakove, Po\u013esko. Po k\u0148azskej vysviacke, ktor\u00fa prijal 24. j\u00fana 2003, otec Mikul\u00e1\u0161 sl\u00fa\u017eil na Jalte, v Sankt-Peterburgu, [&hellip;]<\/p>\n","protected":false},"author":1,"featured_media":0,"parent":0,"menu_order":0,"comment_status":"closed","ping_status":"closed","template":"","meta":{"_et_pb_use_builder":"on","_et_pb_old_content":"<p style=\"text-align: center;\"><strong>Antal Majnek<\/strong><\/p><p><img class=\"aligncenter wp-image-38 size-full\" src=\"http:\/\/munkacs-diocese.org\/slo\/wp-content\/uploads\/2019\/08\/majnek-antal.jpg\" alt=\"\" width=\"800\" height=\"600\" \/><\/p><p>Narodil sa 18. novembra 1951 v Budape\u0161ti. Po z\u00edskan\u00ed diplomu elektroin\u017einiera na Technickej univerzite v Budape\u0161ti sa prihl\u00e1sil do rehole\u00a0 Men\u0161\u00edch bratov, do ma\u010farskej provincie pomenovanej po sv. J\u00e1novi Kapistr\u00e1nskom. Teologick\u00e9 \u0161t\u00fadi\u00e1 absolvoval na Franti\u0161k\u00e1nskej teologickej fakulte v Ostrihome a Budape\u0161ti. Reho\u013en\u00e9 s\u013euby zlo\u017eil 15. septembra 1981 a 17. apr\u00edla 1982 bol v Budape\u0161ti vysv\u00e4ten\u00fd za k\u0148aza. Potom p\u00f4sobil ako u\u010dite\u013e fyziky a n\u00e1bo\u017eenstva na Franti\u0161k\u00e1nskom Gymn\u00e1ziu v Szentendre.<\/p><p>Po zmene re\u017eimu v j\u00fali 1989 spolu s 2 bratmi reho\u013en\u00edkmi odi\u0161iel na Zakarpatie sl\u00fa\u017ei\u0165 ma\u010farsk\u00fdm veriacim. Ako far\u00e1r v Chuste vykon\u00e1val du\u0161pastiersku \u010dinnos\u0165 v okresoch Chust a \u0164a\u010div. Popritom od roku 1993 pracoval aj ako vik\u00e1r pre ma\u010farsk\u00fdch veriacich na Zakarpat\u00ed.<\/p><p>9. decembra 1995 J\u00e1n Pavol II. vymenoval Antala Majneka za febianskeho titul\u00e1rneho biskupa, za ordin\u00e1ra Zakarpatskej apo\u0161tolskej administrat\u00fary a 27. marca 2002 za prv\u00e9ho muka\u010devsk\u00e9ho diec\u00e9zneho biskupa latinsk\u00e9ho obradu. Sl\u00e1vnostn\u00e9 uvedenie do \u00faradu sa konalo 27. septembra 2002 v muka\u010devskej katedr\u00e1le sv. Martina z Tours. Obrad celebrovali kardin\u00e1l metropolita Marian Jaworski a p\u00e1pe\u017esk\u00fd nuncius Nikola Eterovi\u010d.<\/p><p>V r\u00e1mci ukrajinskej r\u00edmskokatol\u00edckej biskupskej konferencie je arcipastier zodpovedn\u00fd za migr\u00e1ciu a ekol\u00f3giu. V spojitosti s touto \u010dinnos\u0165ou si viac inform\u00e1ci\u00ed m\u00f4\u017eete pre\u010d\u00edta\u0165 na internetovej str\u00e1nke \"ekol\u00f3gia\".<\/p><p style=\"text-align: center;\">Biskupsk\u00e9 heslo Antala Majneka:<br \/><strong>DOMINUS FORTITUDO MEA<\/strong><br \/><strong>(P\u00e1n je moja sila)<\/strong><\/p>","_et_gb_content_width":"","footnotes":""},"_links":{"self":[{"href":"https:\/\/munkacs-diocese.org\/slo\/wp-json\/wp\/v2\/pages\/37"}],"collection":[{"href":"https:\/\/munkacs-diocese.org\/slo\/wp-json\/wp\/v2\/pages"}],"about":[{"href":"https:\/\/munkacs-diocese.org\/slo\/wp-json\/wp\/v2\/types\/page"}],"author":[{"embeddable":true,"href":"https:\/\/munkacs-diocese.org\/slo\/wp-json\/wp\/v2\/users\/1"}],"replies":[{"embeddable":true,"href":"https:\/\/munkacs-diocese.org\/slo\/wp-json\/wp\/v2\/comments?post=37"}],"version-history":[{"count":16,"href":"https:\/\/munkacs-diocese.org\/slo\/wp-json\/wp\/v2\/pages\/37\/revisions"}],"predecessor-version":[{"id":707,"href":"https:\/\/munkacs-diocese.org\/slo\/wp-json\/wp\/v2\/pages\/37\/revisions\/707"}],"wp:attachment":[{"href":"https:\/\/munkacs-diocese.org\/slo\/wp-json\/wp\/v2\/media?parent=37"}],"curies":[{"name":"wp","href":"https:\/\/api.w.org\/{rel}","templated":true}]}}