{"id":6798,"date":"2019-05-17T16:26:23","date_gmt":"2019-05-17T14:26:23","guid":{"rendered":"http:\/\/munkacs-diocese.org\/hu\/?page_id=6798"},"modified":"2026-01-08T14:51:09","modified_gmt":"2026-01-08T13:51:09","slug":"egyhazmegyenk-falinaptara","status":"publish","type":"page","link":"https:\/\/munkacs-diocese.org\/hu\/egyhazmegyenk-falinaptara\/","title":{"rendered":"Egyh\u00e1zmegy\u00e9nk falinapt\u00e1ra"},"content":{"rendered":"<div id=\"fb-root\"><\/div>\n<p><a href=\"https:\/\/munkacs-diocese.org\/hu\/wp-content\/uploads\/2026\/01\/KALENDAR_2026_HU.jpg\"><img loading=\"lazy\" decoding=\"async\" class=\"aligncenter size-full wp-image-14520\" src=\"https:\/\/munkacs-diocese.org\/hu\/wp-content\/uploads\/2026\/01\/KALENDAR_2026_HU.jpg\" alt=\"\" width=\"2560\" height=\"1810\" srcset=\"https:\/\/munkacs-diocese.org\/hu\/wp-content\/uploads\/2026\/01\/KALENDAR_2026_HU.jpg 2560w, https:\/\/munkacs-diocese.org\/hu\/wp-content\/uploads\/2026\/01\/KALENDAR_2026_HU-300x212.jpg 300w, https:\/\/munkacs-diocese.org\/hu\/wp-content\/uploads\/2026\/01\/KALENDAR_2026_HU-1024x724.jpg 1024w, https:\/\/munkacs-diocese.org\/hu\/wp-content\/uploads\/2026\/01\/KALENDAR_2026_HU-768x543.jpg 768w, https:\/\/munkacs-diocese.org\/hu\/wp-content\/uploads\/2026\/01\/KALENDAR_2026_HU-1536x1086.jpg 1536w, https:\/\/munkacs-diocese.org\/hu\/wp-content\/uploads\/2026\/01\/KALENDAR_2026_HU-2048x1448.jpg 2048w, https:\/\/munkacs-diocese.org\/hu\/wp-content\/uploads\/2026\/01\/KALENDAR_2026_HU-400x284.jpg 400w, https:\/\/munkacs-diocese.org\/hu\/wp-content\/uploads\/2026\/01\/KALENDAR_2026_HU-1080x764.jpg 1080w\" sizes=\"(max-width: 2560px) 100vw, 2560px\" \/><\/a><\/p>\n","protected":false},"excerpt":{"rendered":"","protected":false},"author":1,"featured_media":0,"parent":0,"menu_order":0,"comment_status":"closed","ping_status":"closed","template":"","meta":{"_acf_changed":false,"_et_pb_use_builder":"","_et_pb_old_content":"","_et_gb_content_width":"","footnotes":""},"class_list":["post-6798","page","type-page","status-publish","hentry"],"acf":[],"_links":{"self":[{"href":"https:\/\/munkacs-diocese.org\/hu\/wp-json\/wp\/v2\/pages\/6798"}],"collection":[{"href":"https:\/\/munkacs-diocese.org\/hu\/wp-json\/wp\/v2\/pages"}],"about":[{"href":"https:\/\/munkacs-diocese.org\/hu\/wp-json\/wp\/v2\/types\/page"}],"author":[{"embeddable":true,"href":"https:\/\/munkacs-diocese.org\/hu\/wp-json\/wp\/v2\/users\/1"}],"replies":[{"embeddable":true,"href":"https:\/\/munkacs-diocese.org\/hu\/wp-json\/wp\/v2\/comments?post=6798"}],"version-history":[{"count":8,"href":"https:\/\/munkacs-diocese.org\/hu\/wp-json\/wp\/v2\/pages\/6798\/revisions"}],"predecessor-version":[{"id":14521,"href":"https:\/\/munkacs-diocese.org\/hu\/wp-json\/wp\/v2\/pages\/6798\/revisions\/14521"}],"wp:attachment":[{"href":"https:\/\/munkacs-diocese.org\/hu\/wp-json\/wp\/v2\/media?parent=6798"}],"curies":[{"name":"wp","href":"https:\/\/api.w.org\/{rel}","templated":true}]}}