{"id":5477,"date":"2018-07-17T14:52:49","date_gmt":"2018-07-17T12:52:49","guid":{"rendered":"http:\/\/munkacs-diocese.org\/hu\/?page_id=5477"},"modified":"2018-11-21T14:50:27","modified_gmt":"2018-11-21T13:50:27","slug":"uzenofal","status":"publish","type":"page","link":"https:\/\/munkacs-diocese.org\/hu\/uzenofal\/","title":{"rendered":"\u00dczen\u0151fal"},"content":{"rendered":"<div id=\"fb-root\"><\/div>\n<p>[et_pb_section bb_built=&#8221;1&#8243;][et_pb_row][et_pb_column type=&#8221;4_4&#8243;][et_pb_text _builder_version=&#8221;3.9&#8243;]<\/p>\n<p>Az elk\u00fcld\u00f6tt \u00fczenet csak a moder\u00e1tor j\u00f3v\u00e1hagy\u00e1sa ut\u00e1n jelenik meg.<\/p>\n<p>[\/et_pb_text][et_pb_comments _builder_version=&#8221;3.9&#8243; show_count=&#8221;off&#8221; \/][\/et_pb_column][\/et_pb_row][\/et_pb_section]<\/p>\n","protected":false},"excerpt":{"rendered":"<p><div class=\"et_pb_row et_pb_row_0 et_pb_row_empty\">\n\t\t\t\t\n\t\t\t\t\n\t\t\t\t\n\t\t\t\t\n\t\t\t\t\n\t\t\t<\/div> Az elk\u00fcld\u00f6tt \u00fczenet csak a moder\u00e1tor j\u00f3v\u00e1hagy\u00e1sa ut\u00e1n jelenik meg.<\/p>\n","protected":false},"author":1,"featured_media":0,"parent":0,"menu_order":0,"comment_status":"open","ping_status":"closed","template":"","meta":{"_acf_changed":false,"_et_pb_use_builder":"on","_et_pb_old_content":"","_et_gb_content_width":"","footnotes":""},"class_list":["post-5477","page","type-page","status-publish","hentry"],"acf":[],"_links":{"self":[{"href":"https:\/\/munkacs-diocese.org\/hu\/wp-json\/wp\/v2\/pages\/5477"}],"collection":[{"href":"https:\/\/munkacs-diocese.org\/hu\/wp-json\/wp\/v2\/pages"}],"about":[{"href":"https:\/\/munkacs-diocese.org\/hu\/wp-json\/wp\/v2\/types\/page"}],"author":[{"embeddable":true,"href":"https:\/\/munkacs-diocese.org\/hu\/wp-json\/wp\/v2\/users\/1"}],"replies":[{"embeddable":true,"href":"https:\/\/munkacs-diocese.org\/hu\/wp-json\/wp\/v2\/comments?post=5477"}],"version-history":[{"count":2,"href":"https:\/\/munkacs-diocese.org\/hu\/wp-json\/wp\/v2\/pages\/5477\/revisions"}],"predecessor-version":[{"id":6309,"href":"https:\/\/munkacs-diocese.org\/hu\/wp-json\/wp\/v2\/pages\/5477\/revisions\/6309"}],"wp:attachment":[{"href":"https:\/\/munkacs-diocese.org\/hu\/wp-json\/wp\/v2\/media?parent=5477"}],"curies":[{"name":"wp","href":"https:\/\/api.w.org\/{rel}","templated":true}]}}