{"id":5454,"date":"2018-07-16T16:15:36","date_gmt":"2018-07-16T14:15:36","guid":{"rendered":"http:\/\/munkacs-diocese.org\/hu\/?page_id=5454"},"modified":"2025-03-06T11:22:15","modified_gmt":"2025-03-06T10:22:15","slug":"puspoki-hivatal","status":"publish","type":"page","link":"https:\/\/munkacs-diocese.org\/hu\/puspoki-hivatal\/","title":{"rendered":"P\u00fcsp\u00f6ki hivatal"},"content":{"rendered":"<div id=\"fb-root\"><\/div>\n<p>[et_pb_section fb_built=&#8221;1&#8243; _builder_version=&#8221;4.16&#8243; global_colors_info=&#8221;{}&#8221;][et_pb_row _builder_version=&#8221;4.16&#8243; background_size=&#8221;initial&#8221; background_position=&#8221;top_left&#8221; background_repeat=&#8221;repeat&#8221; global_colors_info=&#8221;{}&#8221;][et_pb_column type=&#8221;4_4&#8243; _builder_version=&#8221;4.16&#8243; custom_padding=&#8221;|||&#8221; global_colors_info=&#8221;{}&#8221; custom_padding__hover=&#8221;|||&#8221;][et_pb_text admin_label=&#8221;\u0422\u0435\u043a\u0441\u0442&#8221; _builder_version=&#8221;4.17.3&#8243; text_orientation=&#8221;center&#8221; module_alignment=&#8221;center&#8221; global_colors_info=&#8221;{}&#8221;]<\/p>\n<h1 style=\"text-align: left;\">P\u00dcSP\u00d6KI HIVATAL<\/h1>\n<p>[\/et_pb_text][et_pb_divider admin_label=&#8221;\u0420\u043e\u0437\u0434\u0456\u043b\u044c\u043d\u0438\u043a&#8221; _builder_version=&#8221;4.17.3&#8243; _module_preset=&#8221;default&#8221; global_colors_info=&#8221;{}&#8221;][\/et_pb_divider][et_pb_text admin_label=&#8221;\u0422\u0435\u043a\u0441\u0442&#8221; _builder_version=&#8221;4.25.1&#8243; text_orientation=&#8221;center&#8221; module_alignment=&#8221;center&#8221; global_colors_info=&#8221;{}&#8221;]<\/p>\n<p style=\"text-align: left;\"><span style=\"font-size: 14pt;\"><strong>C\u00edm:<\/strong> 89600 Ukrajna, Munk\u00e1cs, Mira utca 15.<\/span><br \/>\n<span style=\"font-size: 14pt;\"><strong>Postac\u00edm:<\/strong> Pf. 76, Munk\u00e1cs 89600<\/span><br \/>\n<span style=\"font-size: 14pt;\"><strong>Tel.:<\/strong> +380 (50) 871-03-63<\/span><br \/>\n<span style=\"font-size: 14pt;\"><strong>E-mail:<\/strong> curia@munkacs-diocese.org, mrkp.titkar@gmail.com<\/span><\/p>\n<p>[\/et_pb_text][et_pb_divider admin_label=&#8221;\u0420\u043e\u0437\u0434\u0456\u043b\u044c\u043d\u0438\u043a&#8221; _builder_version=&#8221;4.17.3&#8243; _module_preset=&#8221;default&#8221; global_colors_info=&#8221;{}&#8221;][\/et_pb_divider][et_pb_image src=&#8221;https:\/\/munkacs-diocese.org\/hu\/wp-content\/uploads\/2023\/07\/0Y1A1219-1-scaled-e1688659296923.jpg&#8221; title_text=&#8221;0Y1A1219&#8243; align=&#8221;center&#8221; _builder_version=&#8221;4.17.3&#8243; _module_preset=&#8221;default&#8221; width=&#8221;50%&#8221; max_width=&#8221;50%&#8221; module_alignment=&#8221;center&#8221; global_colors_info=&#8221;{}&#8221;][\/et_pb_image][et_pb_text _builder_version=&#8221;4.17.3&#8243; _module_preset=&#8221;default&#8221; global_colors_info=&#8221;{}&#8221;]<\/p>\n<h2 style=\"text-align: center;\"><strong>Mons. LUCSOK P. MIKL\u00d3S OP<\/strong><\/h2>\n<p style=\"text-align: center;\"><span style=\"font-size: 18.6667px;\">munk\u00e1csi p\u00fcsp\u00f6k<\/span><\/p>\n<div id=\"gtx-trans\" style=\"position: absolute; left: 502px; top: 138.812px;\">\n<div class=\"gtx-trans-icon\">\u00a0<\/div>\n<\/div>\n<p>[\/et_pb_text][et_pb_divider admin_label=&#8221;\u0420\u043e\u0437\u0434\u0456\u043b\u044c\u043d\u0438\u043a&#8221; _builder_version=&#8221;4.17.3&#8243; _module_preset=&#8221;default&#8221; global_colors_info=&#8221;{}&#8221;][\/et_pb_divider][\/et_pb_column][\/et_pb_row][et_pb_row column_structure=&#8221;1_2,1_2&#8243; _builder_version=&#8221;4.17.3&#8243; _module_preset=&#8221;default&#8221; global_colors_info=&#8221;{}&#8221;][et_pb_column type=&#8221;1_2&#8243; _builder_version=&#8221;4.17.3&#8243; _module_preset=&#8221;default&#8221; global_colors_info=&#8221;{}&#8221;][et_pb_text admin_label=&#8221;\u0413\u0435\u043d\u0435\u0440\u0430\u043b\u044c\u043d\u0438\u0439 \u0432\u0456\u043a\u0430\u0440\u0456\u0439&#8221; _builder_version=&#8221;4.25.1&#8243; _module_preset=&#8221;default&#8221; global_colors_info=&#8221;{}&#8221;]<\/p>\n<h3 style=\"text-align: left;\">Zsarkovszkij P\u00e9ter atya<\/h3>\n<p><em><span style=\"font-size: 14pt;\">\u00c1ltal\u00e1nos helyn\u00f6k \u00a0 \u00a0 \u00a0 \u00a0 \u00a0 \u00a0 \u00a0 \u00a0 \u00a0 \u00a0 \u00a0 \u00a0 \u00a0 \u00a0 \u00a0 \u00a0 \u00a0 \u00a0 \u00a0 \u00a0 \u00a0 \u00a0 \u00a0 \u00a0 \u00a0 \u00a0 \u00a0 \u00a0 \u00a0<\/span><\/em><\/p>\n<ul style=\"list-style-type: square;\">\n<li>+380 (50) 871-03-63<\/li>\n<li>mrkp.titkar@gmail.com<\/li>\n<\/ul>\n<p>[\/et_pb_text][\/et_pb_column][et_pb_column type=&#8221;1_2&#8243; _builder_version=&#8221;4.17.3&#8243; _module_preset=&#8221;default&#8221; global_colors_info=&#8221;{}&#8221;][et_pb_text admin_label=&#8221;\u0404\u043f\u0438\u0441\u043a\u043e\u043f\u0441\u044c\u043a\u0438\u0439 \u0432\u0456\u043a\u0430\u0440\u0456\u0439&#8221; _builder_version=&#8221;4.25.1&#8243; _module_preset=&#8221;default&#8221; global_colors_info=&#8221;{}&#8221;]<\/p>\n<h3>Moln\u00e1r J\u00e1nos atya<\/h3>\n<p><em><span style=\"font-size: 14pt;\">P\u00fcsp\u00f6ki helyn\u00f6k a magyar nyelv\u00fc egyh\u00e1zk\u00f6zs\u00e9gek sz\u00e1m\u00e1ra<\/span><\/em><\/p>\n<ul style=\"list-style-type: square;\">\n<li>+380 (50) 871-03-63<\/li>\n<li>mrkp.titkar@gmail.com<\/li>\n<\/ul>\n<p>[\/et_pb_text][\/et_pb_column][\/et_pb_row][et_pb_row _builder_version=&#8221;4.17.3&#8243; _module_preset=&#8221;default&#8221; global_colors_info=&#8221;{}&#8221;][et_pb_column type=&#8221;4_4&#8243; _builder_version=&#8221;4.17.3&#8243; _module_preset=&#8221;default&#8221; global_colors_info=&#8221;{}&#8221;][et_pb_divider _builder_version=&#8221;4.17.3&#8243; _module_preset=&#8221;default&#8221; global_colors_info=&#8221;{}&#8221;][\/et_pb_divider][\/et_pb_column][\/et_pb_row][et_pb_row column_structure=&#8221;1_2,1_2&#8243; _builder_version=&#8221;4.17.3&#8243; _module_preset=&#8221;default&#8221; global_colors_info=&#8221;{}&#8221;][et_pb_column type=&#8221;1_2&#8243; _builder_version=&#8221;4.17.3&#8243; _module_preset=&#8221;default&#8221; global_colors_info=&#8221;{}&#8221;][et_pb_text admin_label=&#8221;\u0421\u0435\u043a\u0440\u0435\u0442\u0430\u0440&#8221; _builder_version=&#8221;4.25.1&#8243; _module_preset=&#8221;default&#8221; global_colors_info=&#8221;{}&#8221;]<\/p>\n<h3>Rohozs\u00e1n J\u00f3zsef diak\u00f3nus<\/h3>\n<p><em><span style=\"font-size: 14pt;\">P\u00fcsp\u00f6ki titk\u00e1r\u00a0 \u00a0 \u00a0 \u00a0 \u00a0 \u00a0 \u00a0 \u00a0 \u00a0 \u00a0 \u00a0 \u00a0 \u00a0 \u00a0 \u00a0 \u00a0 \u00a0 \u00a0 \u00a0 \u00a0 \u00a0 \u00a0 \u00a0 \u00a0 \u00a0 \u00a0 \u00a0 \u00a0 \u00a0 \u00a0<\/span><\/em><\/p>\n<ul>\n<li>+380 (50) 871-03-63<\/li>\n<li>mrkp.titkar@gmail.com<\/li>\n<\/ul>\n<p>[\/et_pb_text][\/et_pb_column][et_pb_column type=&#8221;1_2&#8243; _builder_version=&#8221;4.17.3&#8243; _module_preset=&#8221;default&#8221; global_colors_info=&#8221;{}&#8221;][et_pb_text admin_label=&#8221;\u0426\u0435\u0440\u0435\u043c\u043e\u043d\u0456\u0430\u0440\u0456\u0439&#8221; _builder_version=&#8221;4.25.1&#8243; _module_preset=&#8221;default&#8221; global_colors_info=&#8221;{}&#8221;]<\/p>\n<h3>Fizer Evgen atya<\/h3>\n<p><em><span style=\"font-size: 14pt;\">P\u00fcsp\u00f6ki szertart\u00f3 \u00a0 \u00a0 \u00a0 \u00a0 \u00a0 \u00a0 \u00a0 \u00a0 \u00a0 \u00a0 \u00a0 \u00a0 \u00a0 \u00a0 \u00a0 \u00a0 \u00a0 \u00a0 \u00a0 \u00a0 \u00a0 \u00a0 \u00a0 \u00a0 \u00a0<\/span><\/em><\/p>\n<ul>\n<li>+380 (50) 615-79-20<\/li>\n<li>mrkp.titkar@gmail.com<\/li>\n<\/ul>\n<p>[\/et_pb_text][\/et_pb_column][\/et_pb_row][et_pb_row _builder_version=&#8221;4.17.3&#8243; _module_preset=&#8221;default&#8221; global_colors_info=&#8221;{}&#8221;][et_pb_column type=&#8221;4_4&#8243; _builder_version=&#8221;4.17.3&#8243; _module_preset=&#8221;default&#8221; global_colors_info=&#8221;{}&#8221;][et_pb_divider _builder_version=&#8221;4.17.3&#8243; _module_preset=&#8221;default&#8221; global_colors_info=&#8221;{}&#8221;][\/et_pb_divider][\/et_pb_column][\/et_pb_row][et_pb_row column_structure=&#8221;1_2,1_2&#8243; _builder_version=&#8221;4.17.3&#8243; _module_preset=&#8221;default&#8221; global_colors_info=&#8221;{}&#8221;][et_pb_column type=&#8221;1_2&#8243; _builder_version=&#8221;4.17.3&#8243; _module_preset=&#8221;default&#8221; global_colors_info=&#8221;{}&#8221;][et_pb_text admin_label=&#8221;\u041a\u0430\u043d\u0446\u043b\u0435\u0440&#8221; _builder_version=&#8221;4.25.1&#8243; _module_preset=&#8221;default&#8221; hover_enabled=&#8221;0&#8243; global_colors_info=&#8221;{}&#8221; sticky_enabled=&#8221;0&#8243;]<\/p>\n<h3>Herzanics Szerhij atya<\/h3>\n<p><em><span style=\"font-size: 14pt;\">P\u00fcsp\u00f6ki irodaigazgat\u00f3\u00a0<\/span><\/em><\/p>\n<ul>\n<li>+380 (95) 887-25-91<\/li>\n<li>curia@munkacs-diocese.org<\/li>\n<\/ul>\n<p>[\/et_pb_text][\/et_pb_column][et_pb_column type=&#8221;1_2&#8243; _builder_version=&#8221;4.17.3&#8243; _module_preset=&#8221;default&#8221; global_colors_info=&#8221;{}&#8221;][et_pb_text admin_label=&#8221;\u0426\u0435\u0440\u0435\u043c\u043e\u043d\u0456\u0430\u0440\u0456\u0439&#8221; _builder_version=&#8221;4.25.1&#8243; _module_preset=&#8221;default&#8221; global_colors_info=&#8221;{}&#8221;]<\/p>\n<h3>Fizer Evgen atya<\/h3>\n<p><em><span style=\"font-size: 14pt;\">Vagyonkezel\u0151 \u00a0 \u00a0 \u00a0 \u00a0 \u00a0 \u00a0 \u00a0 \u00a0 \u00a0 \u00a0 \u00a0 \u00a0 \u00a0 \u00a0 \u00a0 \u00a0 \u00a0 \u00a0 \u00a0 \u00a0 \u00a0 \u00a0 \u00a0 \u00a0 \u00a0<\/span><\/em><\/p>\n<ul>\n<li>+380 (50) 615-79-20<\/li>\n<li>ekonom@munkacs-diocese.org<\/li>\n<\/ul>\n<p>[\/et_pb_text][\/et_pb_column][\/et_pb_row][\/et_pb_section]<\/p>\n","protected":false},"excerpt":{"rendered":"<p>P\u00dcSP\u00d6KI HIVATALC\u00edm: 89600 Ukrajna, Munk\u00e1cs, Mira utca 15. Postac\u00edm: Pf. 76, Munk\u00e1cs 89600 Tel.: +380 (50) 871-03-63 E-mail: curia@munkacs-diocese.org, mrkp.titkar@gmail.comMons. LUCSOK P. MIKL\u00d3S OP munk\u00e1csi p\u00fcsp\u00f6k \u00a0 Zsarkovszkij P\u00e9ter atya \u00c1ltal\u00e1nos helyn\u00f6k \u00a0 \u00a0 \u00a0 \u00a0 \u00a0 \u00a0 \u00a0 \u00a0 \u00a0 \u00a0 \u00a0 \u00a0 \u00a0 \u00a0 \u00a0 \u00a0 \u00a0 \u00a0 \u00a0 \u00a0 \u00a0 \u00a0 \u00a0 \u00a0 \u00a0 \u00a0 \u00a0 \u00a0 \u00a0 +380 (50) 871-03-63 mrkp.titkar@gmail.com Moln\u00e1r J\u00e1nos atya P\u00fcsp\u00f6ki helyn\u00f6k a magyar nyelv\u00fc egyh\u00e1zk\u00f6zs\u00e9gek sz\u00e1m\u00e1ra +380 (50) 871-03-63 mrkp.titkar@gmail.com Rohozs\u00e1n J\u00f3zsef diak\u00f3nus P\u00fcsp\u00f6ki titk\u00e1r\u00a0 \u00a0 \u00a0 \u00a0 \u00a0 \u00a0 \u00a0 \u00a0 \u00a0 \u00a0 \u00a0 \u00a0 \u00a0 \u00a0 \u00a0 \u00a0 \u00a0 \u00a0 \u00a0 \u00a0 \u00a0 \u00a0 \u00a0 \u00a0 \u00a0 \u00a0 \u00a0 \u00a0 \u00a0 \u00a0 +380 (50) 871-03-63 mrkp.titkar@gmail.com Fizer Evgen atya P\u00fcsp\u00f6ki szertart\u00f3 \u00a0 \u00a0 \u00a0 \u00a0 \u00a0 \u00a0 \u00a0 \u00a0 \u00a0 \u00a0 \u00a0 \u00a0 \u00a0 \u00a0 \u00a0 \u00a0 \u00a0 \u00a0 \u00a0 \u00a0 \u00a0 \u00a0 \u00a0 \u00a0 \u00a0 +380 (50) 615-79-20 mrkp.titkar@gmail.com Herzanics Szerhij atya P\u00fcsp\u00f6ki irodaigazgat\u00f3\u00a0 +380 (95) 887-25-91 curia@munkacs-diocese.org Fizer Evgen atya Vagyonkezel\u0151 \u00a0 \u00a0 \u00a0 \u00a0 \u00a0 \u00a0 \u00a0 \u00a0 \u00a0 \u00a0 \u00a0 \u00a0 \u00a0 \u00a0 \u00a0 \u00a0 \u00a0 \u00a0 \u00a0 \u00a0 \u00a0 \u00a0 \u00a0 \u00a0 \u00a0 +380 (50) 615-79-20 ekonom@munkacs-diocese.org<\/p>\n","protected":false},"author":1,"featured_media":0,"parent":0,"menu_order":0,"comment_status":"closed","ping_status":"closed","template":"","meta":{"_acf_changed":false,"_et_pb_use_builder":"on","_et_pb_old_content":"<p><strong>K\u00d6ZPONTI HAT\u00d3S\u00c1G<\/strong><\/p><p>Megy\u00e9sp\u00fcsp\u00f6k : <strong>Lucsok P. Mikl\u00f3s<\/strong><\/p><p><strong>P\u00dcSP\u00d6KI HIVATAL<\/strong><\/p><p>89600 Ukrajna, Munk\u00e1cs, B\u00e9ke u. 15. Pf.: 76.<br \/>89600 \u0423\u041a\u0420\u0410\u0407\u041d\u0410 \u043c. \u041c\u0443\u043a\u0430\u0447\u0435\u0432\u043e, \u0432\u0443\u043b. \u041c\u0438\u0440\u0443, 15 - \u043f\/\u0441 76<br \/>Tel.: +38 050 615 7920; +38 067 988 8203<br \/>E-mail:\u00a0mrkp.titkar@gmail.com<\/p><p>\u00a0<\/p><p>P\u00fcsp\u00f6ki helyn\u00f6k a magyar nyelv\u00fc egyh\u00e1zk\u00f6zs\u00e9gek sz\u00e1m\u00e1ra: Moln\u00e1r J\u00e1nos<\/p><p>P\u00fcsp\u00f6ki titk\u00e1r: Rohozs\u00e1n J\u00f3zsef<\/p><p>P\u00fcsp\u00f6ki irodaigazgat\u00f3: P. Gerzanics Szergij<\/p><p>Vagyonkezel\u0151: Pog\u00e1ny Istv\u00e1n<\/p><p>K\u00f6nyvel\u0151: Sufrics Ildik\u00f3<\/p>","_et_gb_content_width":"","footnotes":""},"class_list":["post-5454","page","type-page","status-publish","hentry"],"acf":[],"_links":{"self":[{"href":"https:\/\/munkacs-diocese.org\/hu\/wp-json\/wp\/v2\/pages\/5454"}],"collection":[{"href":"https:\/\/munkacs-diocese.org\/hu\/wp-json\/wp\/v2\/pages"}],"about":[{"href":"https:\/\/munkacs-diocese.org\/hu\/wp-json\/wp\/v2\/types\/page"}],"author":[{"embeddable":true,"href":"https:\/\/munkacs-diocese.org\/hu\/wp-json\/wp\/v2\/users\/1"}],"replies":[{"embeddable":true,"href":"https:\/\/munkacs-diocese.org\/hu\/wp-json\/wp\/v2\/comments?post=5454"}],"version-history":[{"count":31,"href":"https:\/\/munkacs-diocese.org\/hu\/wp-json\/wp\/v2\/pages\/5454\/revisions"}],"predecessor-version":[{"id":12994,"href":"https:\/\/munkacs-diocese.org\/hu\/wp-json\/wp\/v2\/pages\/5454\/revisions\/12994"}],"wp:attachment":[{"href":"https:\/\/munkacs-diocese.org\/hu\/wp-json\/wp\/v2\/media?parent=5454"}],"curies":[{"name":"wp","href":"https:\/\/api.w.org\/{rel}","templated":true}]}}