{"id":5452,"date":"2018-07-16T16:14:08","date_gmt":"2018-07-16T14:14:08","guid":{"rendered":"http:\/\/munkacs-diocese.org\/hu\/?page_id=5452"},"modified":"2023-12-11T14:28:52","modified_gmt":"2023-12-11T13:28:52","slug":"puspokok","status":"publish","type":"page","link":"https:\/\/munkacs-diocese.org\/hu\/puspokok\/","title":{"rendered":"P\u00fcsp\u00f6k\u00f6k"},"content":{"rendered":"<div id=\"fb-root\"><\/div>\n<p>[et_pb_section fb_built=&#8221;1&#8243; _builder_version=&#8221;4.16&#8243; global_colors_info=&#8221;{}&#8221;][et_pb_row _builder_version=&#8221;4.16&#8243; background_size=&#8221;initial&#8221; background_position=&#8221;top_left&#8221; background_repeat=&#8221;repeat&#8221; global_colors_info=&#8221;{}&#8221;][et_pb_column type=&#8221;4_4&#8243; _builder_version=&#8221;4.16&#8243; custom_padding=&#8221;|||&#8221; global_colors_info=&#8221;{}&#8221; custom_padding__hover=&#8221;|||&#8221;][et_pb_text _builder_version=&#8221;4.17.3&#8243; hover_enabled=&#8221;0&#8243; global_colors_info=&#8221;{}&#8221; sticky_enabled=&#8221;0&#8243;]<\/p>\n<h2 style=\"text-align: center;\"><strong>LUCSOK P. MIKL\u00d3S OP<\/strong><\/h2>\n<p style=\"text-align: center;\"><strong>MEGY\u00c9SP\u00dcSP\u00d6K<\/strong><\/p>\n<p><img loading=\"lazy\" decoding=\"async\" class=\"wp-image-11145 aligncenter size-full\" src=\"https:\/\/munkacs-diocese.org\/hu\/wp-content\/uploads\/2023\/12\/0Y1A1219-scaled-e1688643554573.jpg\" alt=\"\" width=\"355\" height=\"532\" srcset=\"https:\/\/munkacs-diocese.org\/hu\/wp-content\/uploads\/2023\/12\/0Y1A1219-scaled-e1688643554573.jpg 355w, https:\/\/munkacs-diocese.org\/hu\/wp-content\/uploads\/2023\/12\/0Y1A1219-scaled-e1688643554573-200x300.jpg 200w\" sizes=\"(max-width: 355px) 100vw, 355px\" \/><\/p>\n<p>1974. m\u00e1rcius 26-\u00e1n sz\u00fcletett K\u00e1rp\u00e1talj\u00e1n, Munk\u00e1cson.<\/p>\n<p>1994-ben l\u00e9pett be a domonkos rendbe. Filoz\u00f3fiai \u00e9s teol\u00f3giai tanulm\u00e1nyait nagyr\u00e9szt rendje krakk\u00f3i f\u0151iskol\u00e1j\u00e1n v\u00e9gezte, de k\u00e9t-k\u00e9t \u00e9vet Kass\u00e1n \u00e9s Vars\u00f3ban is t\u00f6lt\u00f6tt.<\/p>\n<p>2003. j\u00fanius 24-\u00e9n szentelte papp\u00e1 Majnek Antal p\u00fcsp\u00f6k a munk\u00e1csi sz\u00e9kesegyh\u00e1zban.<\/p>\n<p>2003-2010 k\u00f6z\u00f6tt Szentp\u00e9terv\u00e1rott szolg\u00e1lt az Alexandriai Szent Katalin pl\u00e9b\u00e1ni\u00e1n, ahol a pl\u00e9b\u00e1niai lelkip\u00e1sztorkod\u00e1s mellett ifj\u00fas\u00e1gi lelk\u00e9szk\u00e9nt is m\u0171k\u00f6d\u00f6tt.<\/p>\n<p>2005-2008 k\u00f6z\u00f6tt elv\u00e9gezte az \u201eAlkoholista csal\u00e1dokban \u00e9l\u0151 gyermekek megseg\u00edt\u00e9se\u201d elnevez\u00e9s\u0171 tanfolyamot, illetve az alkohol- \u00e9s drogf\u00fcgg\u0151 emberek lelki seg\u00edts\u00e9gny\u00fajt\u00e1s\u00e1val kapcsolatos tanulm\u00e1nyokat is folytatott (\u201eSzentp\u00e9terv\u00e1ri Karit\u00e1sz\u201d).<\/p>\n<p>2010-2016 k\u00f6z\u00f6tt a lembergi domonkosok lelkip\u00e1sztori k\u00f6zpontj\u00e1ban egyetemist\u00e1kkal, illetve fiatalokkal foglalkozott.<\/p>\n<p>2011-2013 k\u00f6z\u00f6tt szemin\u00e1riumi nevel\u0151ksz\u00e1m\u00e1ra szervezett tanulm\u00e1nyokat v\u00e9gzett Krakk\u00f3ban a Szalvatori\u00e1nus Form\u00e1ci\u00f3s K\u00f6zpontban.<\/p>\n<p>2013-2015 k\u00f6z\u00f6tt tanulm\u00e1nyokat v\u00e9gzett \u00e9s alapfok\u00fa tan\u00e1csad\u00f3i min\u0151s\u00edt\u00e9st szerzett a Pozit\u00edv Pszichoter\u00e1pia szakter\u00fclet\u00e9n.<\/p>\n<p>2017-2019 k\u00f6z\u00f6tt elv\u00e9gezte \u201eAz egy\u00e9ni \u00e9s csoportos konzult\u00e1ci\u00f3, illetve a csal\u00e1di tan\u00e1csad\u00e1s iskol\u00e1ja\u201d elnevez\u00e9s\u0171 k\u00e9pz\u00e9st.<\/p>\n<p>2016-2018 k\u00f6z\u00f6tt Hmelnickijben szolg\u00e1lt a Krisztus Kir\u00e1ly pl\u00e9b\u00e1ni\u00e1n.<\/p>\n<p>2018 \u00f3ta a lembergi k\u00f6z\u00f6ss\u00e9g el\u00f6lj\u00e1r\u00f3ja, a domonkos lelkip\u00e1sztori k\u00f6zpont adminisztr\u00e1tora, a lembergi esperesi ker\u00fclet lelkivezet\u0151je.<\/p>\n<p>K\u00e9t k\u00f6nyve jelent meg, sz\u00e1mos pr\u00e9dik\u00e1ci\u00f3t tartott a M\u00e1ria R\u00e1di\u00f3 ukr\u00e1n nyelv\u0171 ad\u00e1s\u00e1ban, melyek a r\u00e1di\u00f3 arch\u00edvum\u00e1ban megtal\u00e1lhat\u00f3k.<\/p>\n<p>2019. november 11-\u00e9n Ferenc p\u00e1pa seg\u00e9dp\u00fcsp\u00f6kk\u00e9 nevezte ki a Munk\u00e1csi R\u00f3mai Katolikus Egyh\u00e1zmegy\u00e9be.<\/p>\n<p>2019. december 10-\u00e9n szentelt\u00e9k p\u00fcsp\u00f6kk\u00e9 a munk\u00e1csi Tours-i Szent M\u00e1rton Sz\u00e9kesegyh\u00e1zban.<\/p>\n<p style=\"text-align: center;\">P\u00fcsp\u00f6ki jelmondata:<br \/><strong>MISERICORDIA<\/strong><br \/><strong>Irgalmass\u00e1g<\/strong><\/p>\n<p>[\/et_pb_text][et_pb_divider color=&#8221;#ecf0f5&#8243; _builder_version=&#8221;4.16&#8243; global_colors_info=&#8221;{}&#8221;][\/et_pb_divider][et_pb_text _builder_version=&#8221;4.16&#8243; global_colors_info=&#8221;{}&#8221;]<\/p>\n<h2 style=\"text-align: center;\"><strong>MAJNEK ANTAL OFM<\/strong><\/h2>\n<p style=\"text-align: center;\"><strong>EMERITUS P\u00dcSP\u00d6K<\/strong><\/p>\n<p><img loading=\"lazy\" decoding=\"async\" class=\"aligncenter size-full wp-image-5878\" src=\"https:\/\/munkacs-diocese.org\/hu\/wp-content\/uploads\/2018\/09\/majnek-antal.jpg\" alt=\"\" width=\"800\" height=\"600\" srcset=\"https:\/\/munkacs-diocese.org\/hu\/wp-content\/uploads\/2018\/09\/majnek-antal.jpg 800w, https:\/\/munkacs-diocese.org\/hu\/wp-content\/uploads\/2018\/09\/majnek-antal-300x225.jpg 300w, https:\/\/munkacs-diocese.org\/hu\/wp-content\/uploads\/2018\/09\/majnek-antal-768x576.jpg 768w, https:\/\/munkacs-diocese.org\/hu\/wp-content\/uploads\/2018\/09\/majnek-antal-510x382.jpg 510w\" sizes=\"(max-width: 800px) 100vw, 800px\" \/><\/p>\n<p>1951. november 18-\u00e1n sz\u00fcletett Budapesten.\u00a0\u00c1ltal\u00e1nos iskol\u00e1j\u00e1t Pilisszentl\u00e1szl\u00f3n, k\u00f6z\u00e9piskolai tanulm\u00e1nyait a Szentendrei M\u00f3ricz Zsigmond \u00e1llami gimn\u00e1ziumban v\u00e9gezte. Egy \u00e9v katonai szolg\u00e1lat ut\u00e1n jelentkezett a Budapesti M\u0171szaki Egyetemre. A villamosm\u00e9rn\u00f6ki diploma megszerz\u00e9se ut\u00e1n egy \u00e9vig a MMG-ben dolgozott, majd jelentkezett az Assisi Szent Ferenc \u00e1ltal alap\u00edtott Kisebb Testv\u00e9rek Rendj\u00e9nek Kapisztr\u00e1n Szent J\u00e1nosr\u00f3l elnevezett magyarorsz\u00e1gi provinci\u00e1j\u00e1ba. Teol\u00f3giai tanulm\u00e1nyait a Ferences Hittudom\u00e1nyi F\u0151iskol\u00e1n v\u00e9gezte Esztergomban \u00e9s Budapesten. Szerzetesi \u00f6r\u00f6kfogadalm\u00e1t 1981. szeptember 15-\u00e9n tette le, majd 1982. \u00e1prilis 17-\u00e9n szentelt\u00e9k papp\u00e1 Budapesten. Ezut\u00e1n a Szentendrei Ferences Gimn\u00e1zium fizika-technika \u00e9s hittan szakos tan\u00e1ra volt.<\/p>\n<p>A rendszerv\u00e1lt\u00e1s ut\u00e1n 1989 j\u00falius\u00e1ban 2 rendt\u00e1rs\u00e1val egy\u00fctt \u00e9rkezett K\u00e1rp\u00e1talj\u00e1ra a magyar h\u00edvek szolg\u00e1lat\u00e1ra. Huszti pl\u00e9b\u00e1nosk\u00e9nt a huszti \u00e9s a t\u00e9cs\u0151i j\u00e1r\u00e1sban v\u00e9gzett lelkip\u00e1sztori szolg\u00e1latot. Emellett 1993-t\u00f3l ell\u00e1tta a k\u00e1rp\u00e1taljai magyar h\u00edvek vik\u00e1riusi szolg\u00e1lat\u00e1t.<\/p>\n<p>II. J\u00e1nos P\u00e1l p\u00e1pa 1995. december 9-\u00e9n febianai c\u00edmzetes p\u00fcsp\u00f6kk\u00e9, a K\u00e1rp\u00e1taljai Apostoli Korm\u00e1nyz\u00f3s\u00e1g seg\u00e9dp\u00fcsp\u00f6k\u00e9v\u00e9 nevezte ki Majnek Antalt, december 17-tol pedig \u0151 lett az \u00e1ltal\u00e1nos helyn\u00f6k. Az \u00fcnnep\u00e9lyes p\u00fcsp\u00f6kszentel\u00e9sre R\u00f3m\u00e1ban ker\u00fclt sor 1996. janu\u00e1r 6-\u00e1n, amelyet II. J\u00e1nos P\u00e1l p\u00e1pa v\u00e9gzett. Ett\u0151l kezdve Antonio Franco kijevi nuncius k\u00e1rp\u00e1taljai seg\u00e9dp\u00fcsp\u00f6kek\u00e9nt v\u00e9gezte feladatait.<\/p>\n<p>1997. okt\u00f3ber 7-\u00e9n II. J\u00e1nos P\u00e1l p\u00e1pa Majnek Antal p\u00fcsp\u00f6k\u00f6t nevezte ki a K\u00e1rp\u00e1taljai Apostoli Korm\u00e1nyz\u00f3s\u00e1g ordin\u00e1rius\u00e1v\u00e1, 2002. m\u00e1rcius 27-\u00e9n pedig a Munk\u00e1csi Latin szertart\u00e1s\u00fa Egyh\u00e1zmegye els\u0151 megy\u00e9sp\u00fcsp\u00f6k\u00e9v\u00e9. \u00dcnnepi beiktat\u00e1s\u00e1ra 2002. szeptember 27-\u00e9n ker\u00fclt sor a munk\u00e1csi Tours-i Szent M\u00e1rton Sz\u00e9kesegyh\u00e1zban. A beiktat\u00e1s szertart\u00e1s\u00e1t Marian Jaworski b\u00edboros-\u00e9rsek \u00e9s Nicola Eterovic p\u00e1pai nuncius v\u00e9gezte.<\/p>\n<p>A F\u0151p\u00e1sztor az Ukr\u00e1n R\u00f3mai Katolikus P\u00fcsp\u00f6ki Konferencia migr\u00e1ci\u00f3, cig\u00e1nypasztor\u00e1ci\u00f3 \u00e9s \u00f6kol\u00f3gia felel\u0151se.<\/p>\n<p style=\"text-align: center;\">P\u00fcsp\u00f6ki jelmondata:<br \/>\n<strong>DOMINUS FORTITUDO MEA<\/strong><br \/>\n<strong>Az \u00dar az \u00e9n er\u0151ss\u00e9gem<\/strong><\/p>\n<p>[\/et_pb_text][\/et_pb_column][\/et_pb_row][\/et_pb_section]<\/p>\n","protected":false},"excerpt":{"rendered":"<p>LUCSOK P. MIKL\u00d3S OP MEGY\u00c9SP\u00dcSP\u00d6K 1974. m\u00e1rcius 26-\u00e1n sz\u00fcletett K\u00e1rp\u00e1talj\u00e1n, Munk\u00e1cson. 1994-ben l\u00e9pett be a domonkos rendbe. Filoz\u00f3fiai \u00e9s teol\u00f3giai tanulm\u00e1nyait nagyr\u00e9szt rendje krakk\u00f3i f\u0151iskol\u00e1j\u00e1n v\u00e9gezte, de k\u00e9t-k\u00e9t \u00e9vet Kass\u00e1n \u00e9s Vars\u00f3ban is t\u00f6lt\u00f6tt. 2003. j\u00fanius 24-\u00e9n szentelte papp\u00e1 Majnek Antal p\u00fcsp\u00f6k a munk\u00e1csi sz\u00e9kesegyh\u00e1zban. 2003-2010 k\u00f6z\u00f6tt Szentp\u00e9terv\u00e1rott szolg\u00e1lt az Alexandriai Szent Katalin pl\u00e9b\u00e1ni\u00e1n, ahol a pl\u00e9b\u00e1niai lelkip\u00e1sztorkod\u00e1s mellett ifj\u00fas\u00e1gi lelk\u00e9szk\u00e9nt is m\u0171k\u00f6d\u00f6tt. 2005-2008 k\u00f6z\u00f6tt elv\u00e9gezte az \u201eAlkoholista csal\u00e1dokban \u00e9l\u0151 gyermekek megseg\u00edt\u00e9se\u201d elnevez\u00e9s\u0171 tanfolyamot, illetve az alkohol- \u00e9s drogf\u00fcgg\u0151 emberek lelki seg\u00edts\u00e9gny\u00fajt\u00e1s\u00e1val kapcsolatos tanulm\u00e1nyokat is folytatott (\u201eSzentp\u00e9terv\u00e1ri Karit\u00e1sz\u201d). 2010-2016 k\u00f6z\u00f6tt a lembergi domonkosok lelkip\u00e1sztori k\u00f6zpontj\u00e1ban egyetemist\u00e1kkal, illetve fiatalokkal foglalkozott. 2011-2013 k\u00f6z\u00f6tt szemin\u00e1riumi nevel\u0151ksz\u00e1m\u00e1ra szervezett tanulm\u00e1nyokat v\u00e9gzett Krakk\u00f3ban a Szalvatori\u00e1nus Form\u00e1ci\u00f3s K\u00f6zpontban. 2013-2015 k\u00f6z\u00f6tt tanulm\u00e1nyokat v\u00e9gzett \u00e9s alapfok\u00fa tan\u00e1csad\u00f3i min\u0151s\u00edt\u00e9st szerzett a Pozit\u00edv Pszichoter\u00e1pia szakter\u00fclet\u00e9n. 2017-2019 k\u00f6z\u00f6tt elv\u00e9gezte \u201eAz egy\u00e9ni \u00e9s csoportos konzult\u00e1ci\u00f3, illetve a csal\u00e1di tan\u00e1csad\u00e1s iskol\u00e1ja\u201d elnevez\u00e9s\u0171 k\u00e9pz\u00e9st. 2016-2018 k\u00f6z\u00f6tt Hmelnickijben szolg\u00e1lt a Krisztus Kir\u00e1ly pl\u00e9b\u00e1ni\u00e1n. 2018 \u00f3ta a lembergi k\u00f6z\u00f6ss\u00e9g el\u00f6lj\u00e1r\u00f3ja, a domonkos lelkip\u00e1sztori k\u00f6zpont adminisztr\u00e1tora, a lembergi esperesi ker\u00fclet lelkivezet\u0151je. K\u00e9t k\u00f6nyve jelent meg, sz\u00e1mos pr\u00e9dik\u00e1ci\u00f3t tartott a M\u00e1ria R\u00e1di\u00f3 ukr\u00e1n nyelv\u0171 ad\u00e1s\u00e1ban, melyek a r\u00e1di\u00f3 arch\u00edvum\u00e1ban megtal\u00e1lhat\u00f3k. 2019. november 11-\u00e9n Ferenc p\u00e1pa seg\u00e9dp\u00fcsp\u00f6kk\u00e9 nevezte ki a Munk\u00e1csi R\u00f3mai Katolikus Egyh\u00e1zmegy\u00e9be. 2019. december 10-\u00e9n szentelt\u00e9k p\u00fcsp\u00f6kk\u00e9 a [&hellip;]<\/p>\n","protected":false},"author":1,"featured_media":0,"parent":0,"menu_order":0,"comment_status":"closed","ping_status":"closed","template":"","meta":{"_acf_changed":false,"_et_pb_use_builder":"on","_et_pb_old_content":"<h2 style=\"text-align: center;\"><strong>MAJNEK ANTAL \u041eF\u041c<\/strong><\/h2><p style=\"text-align: center;\"><strong>A MUNK\u00c1CSI R\u00d3MAI KATOLIKUS EGYH\u00c1ZMEGYE MEGY\u00c9SP\u00dcSP\u00d6KE<\/strong><\/p><p><img class=\"aligncenter size-full wp-image-5878\" src=\"http:\/\/munkacs-diocese.org\/hu\/wp-content\/uploads\/2018\/09\/majnek-antal.jpg\" alt=\"\" width=\"800\" height=\"600\" \/><\/p><p>1951. november 18-\u00e1n sz\u00fcletett Budapesten.\u00a0\u00c1ltal\u00e1nos iskol\u00e1j\u00e1t Pilisszentl\u00e1szl\u00f3n, k\u00f6z\u00e9piskolai tanulm\u00e1nyait a Szentendrei M\u00f3ricz Zsigmond \u00e1llami gimn\u00e1ziumban v\u00e9gezte. Egy \u00e9v katonai szolg\u00e1lat ut\u00e1n jelentkezett a Budapesti M\u0171szaki Egyetemre. A villamosm\u00e9rn\u00f6ki diploma megszerz\u00e9se ut\u00e1n egy \u00e9vig a MMG-ben dolgozott, majd jelentkezett az Assisi Szent Ferenc \u00e1ltal alap\u00edtott Kisebb Testv\u00e9rek Rendj\u00e9nek Kapisztr\u00e1n Szent J\u00e1nosr\u00f3l elnevezett magyarorsz\u00e1gi provinci\u00e1j\u00e1ba. Teol\u00f3giai tanulm\u00e1nyait a Ferences Hittudom\u00e1nyi F\u0151iskol\u00e1n v\u00e9gezte Esztergomban \u00e9s Budapesten. Szerzetesi \u00f6r\u00f6kfogadalm\u00e1t 1981. szeptember 15-\u00e9n tette le, majd 1982. \u00e1prilis 17-\u00e9n szentelt\u00e9k papp\u00e1 Budapesten. Ezut\u00e1n a Szentendrei Ferences Gimn\u00e1zium fizika-technika \u00e9s hittan szakos tan\u00e1ra volt.<\/p><p>A rendszerv\u00e1lt\u00e1s ut\u00e1n 1989 j\u00falius\u00e1ban 2 rendt\u00e1rs\u00e1val egy\u00fctt \u00e9rkezett K\u00e1rp\u00e1talj\u00e1ra a magyar h\u00edvek szolg\u00e1lat\u00e1ra. Huszti pl\u00e9b\u00e1nosk\u00e9nt a huszti \u00e9s a t\u00e9cs\u0151i j\u00e1r\u00e1sban v\u00e9gzett lelkip\u00e1sztori szolg\u00e1latot. Emellett 1993-t\u00f3l ell\u00e1tta a k\u00e1rp\u00e1taljai magyar h\u00edvek vik\u00e1riusi szolg\u00e1lat\u00e1t.<\/p><p>II. J\u00e1nos P\u00e1l p\u00e1pa 1995. december 9-\u00e9n febianai c\u00edmzetes p\u00fcsp\u00f6kk\u00e9, a K\u00e1rp\u00e1taljai Apostoli Korm\u00e1nyz\u00f3s\u00e1g seg\u00e9dp\u00fcsp\u00f6k\u00e9v\u00e9 nevezte ki Majnek Antalt, december 17-tol pedig \u0151 lett az \u00e1ltal\u00e1nos helyn\u00f6k. Az \u00fcnnep\u00e9lyes p\u00fcsp\u00f6kszentel\u00e9sre R\u00f3m\u00e1ban ker\u00fclt sor 1996. janu\u00e1r 6-\u00e1n, amelyet II. J\u00e1nos P\u00e1l p\u00e1pa v\u00e9gzett. Ett\u0151l kezdve Antonio Franco kijevi nuncius k\u00e1rp\u00e1taljai seg\u00e9dp\u00fcsp\u00f6kek\u00e9nt v\u00e9gezte feladatait.<\/p><p>1997. okt\u00f3ber 7-\u00e9n II. J\u00e1nos P\u00e1l p\u00e1pa Majnek Antal p\u00fcsp\u00f6k\u00f6t nevezte ki a K\u00e1rp\u00e1taljai Apostoli Korm\u00e1nyz\u00f3s\u00e1g ordin\u00e1rius\u00e1v\u00e1, 2002. m\u00e1rcius 27-\u00e9n pedig a Munk\u00e1csi Latin szertart\u00e1s\u00fa Egyh\u00e1zmegye els\u0151 megy\u00e9sp\u00fcsp\u00f6k\u00e9v\u00e9. \u00dcnnepi beiktat\u00e1s\u00e1ra 2002. szeptember 27-\u00e9n ker\u00fclt sor a munk\u00e1csi Tours-i Szent M\u00e1rton Sz\u00e9kesegyh\u00e1zban. A beiktat\u00e1s szertart\u00e1s\u00e1t Marian Jaworski b\u00edboros-\u00e9rsek \u00e9s Nicola Eterovic p\u00e1pai nuncius v\u00e9gezte.<\/p><p>A F\u0151p\u00e1sztor az Ukr\u00e1n R\u00f3mai Katolikus P\u00fcsp\u00f6ki Konferencia migr\u00e1ci\u00f3, cig\u00e1nypasztor\u00e1ci\u00f3 \u00e9s \u00f6kol\u00f3gia felel\u0151se.<\/p><p style=\"text-align: center;\">P\u00fcsp\u00f6ki jelmondata:<br \/><strong>DOMINUS FORTITUDO MEA<\/strong><br \/><strong>Az \u00dar az \u00e9n er\u0151ss\u00e9gem<\/strong><\/p>","_et_gb_content_width":"","footnotes":""},"class_list":["post-5452","page","type-page","status-publish","hentry"],"acf":[],"_links":{"self":[{"href":"https:\/\/munkacs-diocese.org\/hu\/wp-json\/wp\/v2\/pages\/5452"}],"collection":[{"href":"https:\/\/munkacs-diocese.org\/hu\/wp-json\/wp\/v2\/pages"}],"about":[{"href":"https:\/\/munkacs-diocese.org\/hu\/wp-json\/wp\/v2\/types\/page"}],"author":[{"embeddable":true,"href":"https:\/\/munkacs-diocese.org\/hu\/wp-json\/wp\/v2\/users\/1"}],"replies":[{"embeddable":true,"href":"https:\/\/munkacs-diocese.org\/hu\/wp-json\/wp\/v2\/comments?post=5452"}],"version-history":[{"count":11,"href":"https:\/\/munkacs-diocese.org\/hu\/wp-json\/wp\/v2\/pages\/5452\/revisions"}],"predecessor-version":[{"id":11146,"href":"https:\/\/munkacs-diocese.org\/hu\/wp-json\/wp\/v2\/pages\/5452\/revisions\/11146"}],"wp:attachment":[{"href":"https:\/\/munkacs-diocese.org\/hu\/wp-json\/wp\/v2\/media?parent=5452"}],"curies":[{"name":"wp","href":"https:\/\/api.w.org\/{rel}","templated":true}]}}