{"id":5450,"date":"2018-07-16T16:10:56","date_gmt":"2018-07-16T14:10:56","guid":{"rendered":"http:\/\/munkacs-diocese.org\/hu\/?page_id=5450"},"modified":"2021-12-14T13:36:56","modified_gmt":"2021-12-14T12:36:56","slug":"szekesegyhaz","status":"publish","type":"page","link":"https:\/\/munkacs-diocese.org\/hu\/szekesegyhaz\/","title":{"rendered":"Sz\u00e9kesegyh\u00e1z"},"content":{"rendered":"<div id=\"fb-root\"><\/div>\n<p style=\"text-align: center;\"><strong>Tours-i Szent M\u00e1rton Sz\u00e9kesegyh\u00e1z<\/strong><\/p>\n<p><img loading=\"lazy\" decoding=\"async\" class=\"wp-image-6141 size-medium alignleft\" src=\"https:\/\/munkacs-diocese.org\/hu\/wp-content\/uploads\/2018\/10\/szekesegyhaz-217x300.jpg\" alt=\"\" width=\"217\" height=\"300\" srcset=\"https:\/\/munkacs-diocese.org\/hu\/wp-content\/uploads\/2018\/10\/szekesegyhaz-217x300.jpg 217w, https:\/\/munkacs-diocese.org\/hu\/wp-content\/uploads\/2018\/10\/szekesegyhaz.jpg 579w\" sizes=\"(max-width: 217px) 100vw, 217px\" \/><\/p>\n<p>Munk\u00e1cs v\u00e1ros\u00e1t a Latorca foly\u00f3 osztja k\u00e9t r\u00e9szre, mely a Munk\u00e1csi latin szertart\u00e1s\u00fa Egyh\u00e1zmegye sz\u00e9khelye. A r\u00f3mai katolikus templom m\u00e9g a 14. sz\u00e1zadban \u00e9p\u00fclt, Szent M\u00e1rton tisztelet\u00e9re szentelt\u00e9k. A templom val\u00f3sz\u00edn\u0171leg m\u00e1r akkor megvolt, amikor Erzs\u00e9bet kir\u00e1lyn\u00e9 1376-ban Beregsz\u00e1szon kelt level\u00e9ben megengedte, hogy Munk\u00e1cs Szent M\u00e1rton k\u00e9p\u00e9t v\u00e9sse a pecs\u00e9tj\u00e9re. Erzs\u00e9bet kir\u00e1lyn\u00e9 gyakran im\u00e1dkozott itt.<\/p>\n<p>A 14. sz\u00e1zad hetvenes \u00e9veiben a templomot \u00e1talak\u00edtott\u00e1k, majd a Hunyadiak kor\u00e1ban fel\u00faj\u00edtott\u00e1k. A reform\u00e1ci\u00f3 idej\u00e9n Munk\u00e1cs polg\u00e1rai k\u00f6z\u00fcl sokan elfogadt\u00e1k az \u00faj hitet \u00e9s birtokba vett\u00e9k a templomot. B\u00e1thory Zs\u00f3fia 1660-ban visszaadta a katolikusoknak a templomot, a paplakot \u00e9s az iskol\u00e1t.<\/p>\n<p>1686-ban, mik\u00f6zben Zr\u00ednyi Ilona a v\u00e1rat v\u00e9dte, Caprara, a cs\u00e1sz\u00e1ri sereg vez\u00e9re felperzseltette a v\u00e1rost \u00e9s a templomot. 1725-re a katolikusok nagyj\u00e1b\u00f3l rendbe hozt\u00e1k a le\u00e9gett \u00e9p\u00edtm\u00e9nyt. 1746-ban alapos \u00e1talak\u00edt\u00e1sokat hajtottak v\u00e9gre rajta. 1800-ban Sch\u00f6nborn Ervin gr\u00f3f olt\u00e1rt \u00e9p\u00edttetett a templomnak. A mostani olt\u00e1rk\u00e9p elk\u00e9sz\u00fclte is neki k\u00f6sz\u00f6nhet\u0151. Ez l\u00f3h\u00e1ton \u00e1br\u00e1zolja Szent M\u00e1rtont, amint k\u00f6peny\u00e9nek fel\u00e9t a koldusnak ny\u00fajtja, akir\u0151l azt\u00e1n M\u00e1rton \u00e1lm\u00e1ban megtudja, hogy val\u00f3j\u00e1ban nem koldus volt, hanem maga Krisztus. A k\u00e9pet B\u00e9csben festett\u00e9k.<br \/>\nA 19. sz\u00e1zad v\u00e9g\u00e9re a templomhaj\u00f3 olyan \u00e1llapotba ker\u00fclt, hogy le kellett bontani. Csak a szent\u00e9ly maradt meg a r\u00e9gi templomb\u00f3l, melyet k\u00e1poln\u00e1v\u00e1 alak\u00edtottak. 1896-ban Sch\u00f6nborn gr\u00f3f kezdem\u00e9nyez\u00e9s\u00e9re hat\u00e1rozt\u00e1k el az \u00faj templom fel\u00e9p\u00edt\u00e9s\u00e9t. A gr\u00f3fi csal\u00e1d jelent\u0151s m\u00e9rt\u00e9kben j\u00e1rult hozz\u00e1 ennek finansz\u00edroz\u00e1s\u00e1hoz, a teljes \u00f6sszeg fel\u00e9t biztos\u00edtotta. Az \u00faj templomot Czigler Gy\u0151z\u0151 tervei alapj\u00e1n 1905-ben Wagner M\u00e1rton j\u00e1szap\u00e1ti \u00e9p\u00edt\u0151mester \u00e9p\u00edtette fel, a r\u00e9git\u0151l elt\u00e9r\u0151 t\u00e1jol\u00e1ssal, eklektikus st\u00edlusban. Az \u00faj templom alapfalait 1904. augusztus 7-\u00e9n \u00e1ldott\u00e1k meg, a m\u00e1r fel\u00e9p\u00fclt templomot pedig 1905. szeptember 24-\u00e9n szentelt\u00e9k fel nagy \u00fcnnep\u00e9lyess\u00e9ggel. 1945 ut\u00e1n a templom fel\u00faj\u00edt\u00e1sra szorult, erre azonban, hosszas huzavona ut\u00e1n, csak 1967-ben siker\u00fclt enged\u00e9lyt szerezni. A sz\u00e9kesegyh\u00e1z sz\u00e9p\u00edt\u00e9se \u00e9s r\u00e9szleges fel\u00faj\u00edt\u00e1sa ma is tart. \u00daj ker\u00edt\u00e9s \u00e9p\u00fclt a lebontott hely\u00e9be, a visszakapott k\u00e1poln\u00e1t helyre\u00e1ll\u00edtott\u00e1k. Sikeresen restaur\u00e1lt\u00e1k a f\u0151olt\u00e1r Szent M\u00e1rton k\u00e9p\u00e9t is. A templom \u00e9p\u00edt\u00e9s\u00e9nek centen\u00e1rium\u00e1ra \u00fajabb k\u00fcls\u0151 fel\u00faj\u00edt\u00e1st kezdett az egyh\u00e1zmegye 2004-ben, amely sajnos m\u00e9g nem fejez\u0151d\u00f6tt be.<\/p>\n<p>A templom 2002. m\u00e1rcius 27-\u00e9n lett az \u00fajonnan alap\u00edtott Munk\u00e1csi Egyh\u00e1zmegye sz\u00e9kesegyh\u00e1za. Orgon\u00e1j\u00e1t 1913-ban a budapesti Rieger Testv\u00e9rek \u00e9p\u00edtett\u00e9k. A bej\u00e1ratn\u00e1l tal\u00e1lhat\u00f3 a bez\u00e1rt \u00e9s megrong\u00e1lt zs\u00f3fiafalvi templom olt\u00e1rk\u00e9pe, Madar\u00e1sz Viktor festm\u00e9nye. A k\u00e9pen Szent Istv\u00e1n kir\u00e1ly l\u00e1that\u00f3, amint felaj\u00e1nlja a koron\u00e1t Sz\u0171z M\u00e1ri\u00e1nak, ill. \u00e1ltala a gondvisel\u0151 Isten kez\u00e9be.<\/p>\n<p><strong>A Munk\u00e1csi Szent M\u00e1rton Sz\u00e9kesegyh\u00e1z kertj\u00e9nek t\u00f6rt\u00e9nete:<\/strong><\/p>\n<div id=\"wppdfemb-frame-container-2\"><iframe id=\"wppdf-emb-iframe-2\" scrolling=\"no\" data-pdf-index=\"2\" class=\"pdfembed-iframe nonfullscreen\" style=\"border: none; width:100%; max-width: 100%; min-height: 1000px;\" src=\"https:\/\/munkacs-diocese.org\/hu?url=https%3A%2F%2Fmunkacs-diocese.org%2Fhu%2Fwp-content%2Fuploads%2F2021%2F12%2FSCAN0003.pdf&0=%3Cstrong%3Ewidth%3D%22500%22%3C%2Fstrong%3E&pdfID=2&index=2\" ><\/iframe><\/div>\n","protected":false},"excerpt":{"rendered":"<p>Tours-i Szent M\u00e1rton Sz\u00e9kesegyh\u00e1z Munk\u00e1cs v\u00e1ros\u00e1t a Latorca foly\u00f3 osztja k\u00e9t r\u00e9szre, mely a Munk\u00e1csi latin szertart\u00e1s\u00fa Egyh\u00e1zmegye sz\u00e9khelye. A r\u00f3mai katolikus templom m\u00e9g a 14. sz\u00e1zadban \u00e9p\u00fclt, Szent M\u00e1rton tisztelet\u00e9re szentelt\u00e9k. A templom val\u00f3sz\u00edn\u0171leg m\u00e1r akkor megvolt, amikor Erzs\u00e9bet kir\u00e1lyn\u00e9 1376-ban Beregsz\u00e1szon kelt level\u00e9ben megengedte, hogy Munk\u00e1cs Szent M\u00e1rton k\u00e9p\u00e9t v\u00e9sse a pecs\u00e9tj\u00e9re. Erzs\u00e9bet [&hellip;]<\/p>\n","protected":false},"author":1,"featured_media":0,"parent":0,"menu_order":0,"comment_status":"closed","ping_status":"closed","template":"","meta":{"_acf_changed":false,"_et_pb_use_builder":"","_et_pb_old_content":"","_et_gb_content_width":"","footnotes":""},"class_list":["post-5450","page","type-page","status-publish","hentry"],"acf":[],"_links":{"self":[{"href":"https:\/\/munkacs-diocese.org\/hu\/wp-json\/wp\/v2\/pages\/5450"}],"collection":[{"href":"https:\/\/munkacs-diocese.org\/hu\/wp-json\/wp\/v2\/pages"}],"about":[{"href":"https:\/\/munkacs-diocese.org\/hu\/wp-json\/wp\/v2\/types\/page"}],"author":[{"embeddable":true,"href":"https:\/\/munkacs-diocese.org\/hu\/wp-json\/wp\/v2\/users\/1"}],"replies":[{"embeddable":true,"href":"https:\/\/munkacs-diocese.org\/hu\/wp-json\/wp\/v2\/comments?post=5450"}],"version-history":[{"count":9,"href":"https:\/\/munkacs-diocese.org\/hu\/wp-json\/wp\/v2\/pages\/5450\/revisions"}],"predecessor-version":[{"id":8396,"href":"https:\/\/munkacs-diocese.org\/hu\/wp-json\/wp\/v2\/pages\/5450\/revisions\/8396"}],"wp:attachment":[{"href":"https:\/\/munkacs-diocese.org\/hu\/wp-json\/wp\/v2\/media?parent=5450"}],"curies":[{"name":"wp","href":"https:\/\/api.w.org\/{rel}","templated":true}]}}