{"id":5437,"date":"2018-07-09T16:24:48","date_gmt":"2018-07-09T14:24:48","guid":{"rendered":"http:\/\/munkacs-diocese.org\/hu\/?page_id=5437"},"modified":"2025-03-06T14:52:13","modified_gmt":"2025-03-06T13:52:13","slug":"kapcsolat","status":"publish","type":"page","link":"https:\/\/munkacs-diocese.org\/hu\/kapcsolat\/","title":{"rendered":"Kapcsolat"},"content":{"rendered":"<div id=\"fb-root\"><\/div>\n<p>[et_pb_section fb_built=&#8221;1&#8243; _builder_version=&#8221;4.16&#8243; global_colors_info=&#8221;{}&#8221;][et_pb_row column_structure=&#8221;2_5,3_5&#8243; _builder_version=&#8221;4.17.3&#8243; background_size=&#8221;initial&#8221; background_position=&#8221;top_left&#8221; background_repeat=&#8221;repeat&#8221; global_colors_info=&#8221;{}&#8221;][et_pb_column type=&#8221;2_5&#8243; _builder_version=&#8221;4.16&#8243; custom_padding=&#8221;|||&#8221; global_colors_info=&#8221;{}&#8221; custom_padding__hover=&#8221;|||&#8221;][et_pb_text _builder_version=&#8221;4.25.1&#8243; hover_enabled=&#8221;0&#8243; global_colors_info=&#8221;{}&#8221; sticky_enabled=&#8221;0&#8243;]<\/p>\n<p><strong>P\u00fcsp\u00f6ks\u00e9gi iroda<\/strong><\/p>\n<p>C\u00edm:<br \/>89600 Ukrajna, Munk\u00e1cs, Mira utca 15.<\/p>\n<p>Postac\u00edm:<br \/>Pf. 76, Munk\u00e1cs 89600<\/p>\n<hr \/>\n<p>curia@munkacs-diocese.org<br \/>mrkp.titkar@gmail.com<br \/>+38 050 871 0363<\/p>\n<hr \/>\n<p>Fogad\u00f3id\u0151:<br \/>H\u00e9tf\u0151 &#8211; P\u00e9ntek 9.30 &#8211; 16.00 (k.i.)<\/p>\n<p>[\/et_pb_text][\/et_pb_column][et_pb_column type=&#8221;3_5&#8243; _builder_version=&#8221;4.16&#8243; custom_padding=&#8221;|||&#8221; global_colors_info=&#8221;{}&#8221; custom_padding__hover=&#8221;|||&#8221;][et_pb_map address=&#8221;\u0432\u0443\u043b\u0438\u0446\u044f \u041c\u0438\u0440\u0443, 15, \u041c\u0443\u043a\u0430\u0447\u0435\u0432\u043e, \u0417\u0430\u043a\u0430\u0440\u043f\u0430\u0442\u0441\u044c\u043a\u0430 \u043e\u0431\u043b\u0430\u0441\u0442\u044c, \u0423\u043a\u0440\u0430\u0457\u043d\u0430, 89611&#8243; address_lat=&#8221;48.439701829042&#8243; address_lng=&#8221;22.723827746033&#8243; _builder_version=&#8221;4.17.3&#8243; _module_preset=&#8221;default&#8221; global_colors_info=&#8221;{}&#8221;][et_pb_map_pin pin_address=&#8221;\u0432\u0443\u043b\u0438\u0446\u044f \u041c\u0438\u0440\u0443, 15\/76, \u041c\u0443\u043a\u0430\u0447\u0435\u0432\u043e, \u0417\u0430\u043a\u0430\u0440\u043f\u0430\u0442\u0441\u044c\u043a\u0430 \u043e\u0431\u043b\u0430\u0441\u0442\u044c, \u0423\u043a\u0440\u0430\u0457\u043d\u0430, 89600&#8243; pin_address_lat=&#8221;48.439595065014&#8243; pin_address_lng=&#8221;22.72367217791&#8243; _builder_version=&#8221;4.17.3&#8243; _module_preset=&#8221;default&#8221; global_colors_info=&#8221;{}&#8221;][\/et_pb_map_pin][\/et_pb_map][\/et_pb_column][\/et_pb_row][\/et_pb_section]<\/p>\n","protected":false},"excerpt":{"rendered":"<p>P\u00fcsp\u00f6ks\u00e9gi iroda C\u00edm:89600 Ukrajna, Munk\u00e1cs, Mira utca 15. Postac\u00edm:Pf. 76, Munk\u00e1cs 89600 curia@munkacs-diocese.orgmrkp.titkar@gmail.com+38 050 871 0363 Fogad\u00f3id\u0151:H\u00e9tf\u0151 &#8211; P\u00e9ntek 9.30 &#8211; 16.00 (k.i.)<\/p>\n","protected":false},"author":1,"featured_media":0,"parent":0,"menu_order":0,"comment_status":"closed","ping_status":"closed","template":"","meta":{"_acf_changed":false,"_et_pb_use_builder":"on","_et_pb_old_content":"","_et_gb_content_width":"","footnotes":""},"class_list":["post-5437","page","type-page","status-publish","hentry"],"acf":[],"_links":{"self":[{"href":"https:\/\/munkacs-diocese.org\/hu\/wp-json\/wp\/v2\/pages\/5437"}],"collection":[{"href":"https:\/\/munkacs-diocese.org\/hu\/wp-json\/wp\/v2\/pages"}],"about":[{"href":"https:\/\/munkacs-diocese.org\/hu\/wp-json\/wp\/v2\/types\/page"}],"author":[{"embeddable":true,"href":"https:\/\/munkacs-diocese.org\/hu\/wp-json\/wp\/v2\/users\/1"}],"replies":[{"embeddable":true,"href":"https:\/\/munkacs-diocese.org\/hu\/wp-json\/wp\/v2\/comments?post=5437"}],"version-history":[{"count":16,"href":"https:\/\/munkacs-diocese.org\/hu\/wp-json\/wp\/v2\/pages\/5437\/revisions"}],"predecessor-version":[{"id":13038,"href":"https:\/\/munkacs-diocese.org\/hu\/wp-json\/wp\/v2\/pages\/5437\/revisions\/13038"}],"wp:attachment":[{"href":"https:\/\/munkacs-diocese.org\/hu\/wp-json\/wp\/v2\/media?parent=5437"}],"curies":[{"name":"wp","href":"https:\/\/api.w.org\/{rel}","templated":true}]}}