{"id":13110,"date":"2025-03-27T15:12:47","date_gmt":"2025-03-27T14:12:47","guid":{"rendered":"https:\/\/munkacs-diocese.org\/hu\/?page_id=13110"},"modified":"2025-03-27T15:12:47","modified_gmt":"2025-03-27T14:12:47","slug":"utmutato-a-jubileumi-szentevre","status":"publish","type":"page","link":"https:\/\/munkacs-diocese.org\/hu\/utmutato-a-jubileumi-szentevre\/","title":{"rendered":"\u00datmutat\u00f3 a Jubileumi Szent\u00e9vre"},"content":{"rendered":"<div id=\"fb-root\"><\/div>\n<div id=\"wppdfemb-frame-container-2\"><iframe id=\"wppdf-emb-iframe-2\" scrolling=\"no\" data-pdf-index=\"2\" class=\"pdfembed-iframe nonfullscreen\" style=\"border: none; width:100%; max-width: 100%; min-height: 1000px;\" src=\"https:\/\/munkacs-diocese.org\/hu?url=https%3A%2F%2Fmunkacs-diocese.org%2Fhu%2Fwp-content%2Fuploads%2F2025%2F03%2FRemeny-Zarandokai_fuzet.pdf&title=Rem%C3%A9ny+Zar%C3%A1ndokai_f%C3%BCzet&pdfID=2&index=2\" ><\/iframe><\/div>\n","protected":false},"excerpt":{"rendered":"","protected":false},"author":1,"featured_media":0,"parent":0,"menu_order":0,"comment_status":"closed","ping_status":"closed","template":"","meta":{"_acf_changed":false,"_et_pb_use_builder":"","_et_pb_old_content":"","_et_gb_content_width":"","footnotes":""},"class_list":["post-13110","page","type-page","status-publish","hentry"],"acf":[],"_links":{"self":[{"href":"https:\/\/munkacs-diocese.org\/hu\/wp-json\/wp\/v2\/pages\/13110"}],"collection":[{"href":"https:\/\/munkacs-diocese.org\/hu\/wp-json\/wp\/v2\/pages"}],"about":[{"href":"https:\/\/munkacs-diocese.org\/hu\/wp-json\/wp\/v2\/types\/page"}],"author":[{"embeddable":true,"href":"https:\/\/munkacs-diocese.org\/hu\/wp-json\/wp\/v2\/users\/1"}],"replies":[{"embeddable":true,"href":"https:\/\/munkacs-diocese.org\/hu\/wp-json\/wp\/v2\/comments?post=13110"}],"version-history":[{"count":1,"href":"https:\/\/munkacs-diocese.org\/hu\/wp-json\/wp\/v2\/pages\/13110\/revisions"}],"predecessor-version":[{"id":13112,"href":"https:\/\/munkacs-diocese.org\/hu\/wp-json\/wp\/v2\/pages\/13110\/revisions\/13112"}],"wp:attachment":[{"href":"https:\/\/munkacs-diocese.org\/hu\/wp-json\/wp\/v2\/media?parent=13110"}],"curies":[{"name":"wp","href":"https:\/\/api.w.org\/{rel}","templated":true}]}}