{"id":13058,"date":"2025-03-12T14:28:41","date_gmt":"2025-03-12T13:28:41","guid":{"rendered":"https:\/\/munkacs-diocese.org\/hu\/?page_id=13058"},"modified":"2025-03-27T15:02:10","modified_gmt":"2025-03-27T14:02:10","slug":"felkeszules-a-jubileumi-bucsu-elnyeresere","status":"publish","type":"page","link":"https:\/\/munkacs-diocese.org\/hu\/felkeszules-a-jubileumi-bucsu-elnyeresere\/","title":{"rendered":"Felk\u00e9sz\u00fcl\u00e9s a jubileumi b\u00facs\u00fa elnyer\u00e9sere"},"content":{"rendered":"<div id=\"fb-root\"><\/div>\n<div id=\"wppdfemb-frame-container-2\"><iframe id=\"wppdf-emb-iframe-2\" scrolling=\"no\" data-pdf-index=\"2\" class=\"pdfembed-iframe nonfullscreen\" style=\"border: none; width:100%; max-width: 100%; min-height: 1000px;\" src=\"https:\/\/munkacs-diocese.org\/hu?url=https%3A%2F%2Fmunkacs-diocese.org%2Fhu%2Fwp-content%2Fuploads%2F2025%2F03%2FRemeny-Zarandokai_fuzet_2.-Felkeszules-a-szentgyonasra.pdf&title=Rem%C3%A9ny+Zar%C3%A1ndokai_f%C3%BCzet_2.+Felk%C3%A9sz%C3%BCl%C3%A9s+a+szentgy%C3%B3n%C3%A1sra&pdfID=2&index=2\" ><\/iframe><\/div>\n","protected":false},"excerpt":{"rendered":"","protected":false},"author":1,"featured_media":0,"parent":0,"menu_order":0,"comment_status":"closed","ping_status":"closed","template":"","meta":{"_acf_changed":false,"_et_pb_use_builder":"","_et_pb_old_content":"","_et_gb_content_width":"","footnotes":""},"class_list":["post-13058","page","type-page","status-publish","hentry"],"acf":[],"_links":{"self":[{"href":"https:\/\/munkacs-diocese.org\/hu\/wp-json\/wp\/v2\/pages\/13058"}],"collection":[{"href":"https:\/\/munkacs-diocese.org\/hu\/wp-json\/wp\/v2\/pages"}],"about":[{"href":"https:\/\/munkacs-diocese.org\/hu\/wp-json\/wp\/v2\/types\/page"}],"author":[{"embeddable":true,"href":"https:\/\/munkacs-diocese.org\/hu\/wp-json\/wp\/v2\/users\/1"}],"replies":[{"embeddable":true,"href":"https:\/\/munkacs-diocese.org\/hu\/wp-json\/wp\/v2\/comments?post=13058"}],"version-history":[{"count":2,"href":"https:\/\/munkacs-diocese.org\/hu\/wp-json\/wp\/v2\/pages\/13058\/revisions"}],"predecessor-version":[{"id":13109,"href":"https:\/\/munkacs-diocese.org\/hu\/wp-json\/wp\/v2\/pages\/13058\/revisions\/13109"}],"wp:attachment":[{"href":"https:\/\/munkacs-diocese.org\/hu\/wp-json\/wp\/v2\/media?parent=13058"}],"curies":[{"name":"wp","href":"https:\/\/api.w.org\/{rel}","templated":true}]}}