{"id":12914,"date":"2025-03-05T15:08:16","date_gmt":"2025-03-05T14:08:16","guid":{"rendered":"https:\/\/munkacs-diocese.org\/hu\/?page_id=12914"},"modified":"2025-03-06T10:33:49","modified_gmt":"2025-03-06T09:33:49","slug":"egyhazmegyei-testuletek","status":"publish","type":"page","link":"https:\/\/munkacs-diocese.org\/hu\/egyhazmegyei-testuletek\/","title":{"rendered":"Egyh\u00e1zmegyei test\u00fcletek"},"content":{"rendered":"<div id=\"fb-root\"><\/div>\n<p>[et_pb_section fb_built=&#8221;1&#8243; _builder_version=&#8221;4.17.3&#8243; global_colors_info=&#8221;{}&#8221;][et_pb_row _builder_version=&#8221;4.16&#8243; background_size=&#8221;initial&#8221; background_position=&#8221;top_left&#8221; background_repeat=&#8221;repeat&#8221; global_colors_info=&#8221;{}&#8221;][et_pb_column type=&#8221;4_4&#8243; _builder_version=&#8221;4.16&#8243; custom_padding=&#8221;|||&#8221; global_colors_info=&#8221;{}&#8221; custom_padding__hover=&#8221;|||&#8221;][et_pb_text _builder_version=&#8221;4.25.1&#8243; _module_preset=&#8221;default&#8221; global_colors_info=&#8221;{}&#8221;]<\/p>\n<h1>Egyh\u00e1zmegyei test\u00fcletek<\/h1>\n<p>[\/et_pb_text][et_pb_divider _builder_version=&#8221;4.17.3&#8243; _module_preset=&#8221;default&#8221; min_height=&#8221;8.2px&#8221; global_colors_info=&#8221;{}&#8221;][\/et_pb_divider][et_pb_text disabled_on=&#8221;off|off|off&#8221; admin_label=&#8221;\u041f\u0440\u0435\u0441\u0432\u0456\u0442\u0435\u0440\u0441\u044c\u043a\u0430 \u0440\u0430\u0434\u0430&#8221; _builder_version=&#8221;4.25.1&#8243; text_orientation=&#8221;center&#8221; module_alignment=&#8221;center&#8221; custom_padding=&#8221;0px|||||&#8221; global_colors_info=&#8221;{}&#8221;]<\/p>\n<p style=\"text-align: left;\"><span style=\"font-size: 14pt;\"><strong>EGYH\u00c1ZMEGYEI PAPI SZEN\u00c1TUS<\/strong><\/span><br \/>(\u00f6t\u00e9ves megb\u00edzat\u00e1ssal, 2024. m\u00e1rcius 28-t\u00f3l 2029. m\u00e1rcius 27-ig terjed\u0151 id\u0151tartamra).<\/p>\n<p style=\"text-align: left;\">A szen\u00e1tus a hat\u00e1lyban l\u00e9v\u0151 rendelettel \u00f6sszhangban \u00e9s a munk\u00e1csi megy\u00e9sp\u00fcsp\u00f6k eln\u00f6klet\u00e9vel (500. can. 1. \u00a7 ) a k\u00f6vetkez\u0151 tagokb\u00f3l \u00e1ll:<\/p>\n<p style=\"text-align: left;\">V\u00c1LASZTOTT TAGOK (497. can., 1\u00b0):<br \/>Petenko Miron atya<br \/>Fizer Evgen atya<br \/>Szulincs\u00e1k S\u00e1ndor atya<br \/>Henrik Javorskij atya<br \/>Pog\u00e1ny Istv\u00e1n atya<\/p>\n<p style=\"text-align: left;\">JOGOSULT TAGOK (497. can., 2\u00b0):<br \/>Zsarkovszkij P\u00e9ter atya, \u00e1ltal\u00e1nos helyn\u00f6k<br \/>Moln\u00e1r J\u00e1nos atya, p\u00fcsp\u00f6ki helyn\u00f6k<br \/>Herzanics Szerhij atya, irodaigazgat\u00f3<\/p>\n<p style=\"text-align: left;\">A P\u00dcSP\u00d6K \u00c1LTAL KINEVEZETT TAGOK:<br \/>Weinrauch M\u00e1ri\u00f3 OFM atya<br \/>Tomasz Koza SDS atya<br \/>R\u00e1cz Istv\u00e1n atya<br \/>Pavlo Shevchuk OFM atya<\/p>\n<p style=\"text-align: left;\">Titk\u00e1r: Herzanics Szerhij atya<\/p>\n<p>[\/et_pb_text][et_pb_divider _builder_version=&#8221;4.25.1&#8243; _module_preset=&#8221;default&#8221; global_colors_info=&#8221;{}&#8221;][\/et_pb_divider][et_pb_text disabled_on=&#8221;off|off|off&#8221; admin_label=&#8221;\u041a\u043e\u043b\u0435\u0433\u0456\u044f \u043a\u043e\u043d\u0441\u0443\u043b\u044c\u0442\u0430\u043d\u0442\u0456\u0432&#8221; _builder_version=&#8221;4.25.1&#8243; text_orientation=&#8221;center&#8221; module_alignment=&#8221;center&#8221; hover_enabled=&#8221;0&#8243; global_colors_info=&#8221;{}&#8221; sticky_enabled=&#8221;0&#8243;]<\/p>\n<p style=\"text-align: left;\"><span style=\"font-size: 14pt;\"><strong>EGYH\u00c1ZMEGYEI TAN\u00c1CSOSOK TEST\u00dcLETE<\/strong><\/span><br \/>(\u00f6t\u00e9ves megb\u00edzat\u00e1ssal, 2024. m\u00e1rcius 28-t\u00f3l 2029. m\u00e1rcius 27-ig terjed\u0151 id\u0151tartamra)<\/p>\n<p style=\"text-align: left;\">Zsarkovszkij P\u00e9ter atya<br \/>Moln\u00e1r J\u00e1nos atya<br \/>Petenko Miron atya<br \/>Pog\u00e1ny Istv\u00e1n atya<br \/>Fizer Evgen atya<br \/>Weinrauch M\u00e1ri\u00f3 OFM atya<\/p>\n<p style=\"text-align: left;\">Titk\u00e1r: Herzanics Szerhij atya<\/p>\n<p>[\/et_pb_text][et_pb_divider _builder_version=&#8221;4.25.1&#8243; _module_preset=&#8221;default&#8221; global_colors_info=&#8221;{}&#8221;][\/et_pb_divider][et_pb_text disabled_on=&#8221;off|off|off&#8221; admin_label=&#8221;\u0415\u043a\u043e\u043d\u043e\u043c\u0456\u0447\u043d\u0430 \u0420\u0430\u0434\u0430&#8221; _builder_version=&#8221;4.25.1&#8243; text_orientation=&#8221;center&#8221; module_alignment=&#8221;center&#8221; hover_enabled=&#8221;0&#8243; global_colors_info=&#8221;{}&#8221; sticky_enabled=&#8221;0&#8243;]<\/p>\n<p style=\"text-align: left;\"><span style=\"font-size: 14pt;\"><strong>EGYH\u00c1ZMEGYEI GAZDAS\u00c1GI TAN\u00c1CS<\/strong><\/span><br \/>(\u00f6t\u00e9ves megb\u00edzat\u00e1ssal 2024. december 5-t\u0151l 2029. december 4-ig terjed\u0151 id\u0151szakra)<\/p>\n<p style=\"text-align: left;\">Az Egyh\u00e1zmegyei Gazdas\u00e1gi Tan\u00e1cs a hat\u00e1lyban l\u00e9v\u0151 rendelettel \u00f6sszhangban \u00e9s a munk\u00e1csi megy\u00e9sp\u00fcsp\u00f6k eln\u00f6klet\u00e9vel a k\u00f6vetkez\u0151 tagokb\u00f3l \u00e1ll (492. can. C.I.C. 1. \u00a7):<\/p>\n<p style=\"text-align: left;\">Herzanics Szerhij atya<br \/>Tarpai J\u00f3zsef<br \/>Nobilis Kinga<br \/>Novak Olesya<\/p>\n<p style=\"text-align: left;\">Titk\u00e1r: Herzanics Szerhij atya<\/p>\n<p>[\/et_pb_text][et_pb_divider disabled_on=&#8221;on|on|on&#8221; _builder_version=&#8221;4.25.1&#8243; _module_preset=&#8221;default&#8221; disabled=&#8221;on&#8221; global_colors_info=&#8221;{}&#8221;][\/et_pb_divider][et_pb_text disabled_on=&#8221;on|on|on&#8221; admin_label=&#8221;\u041f\u0430\u0441\u0442\u043e\u0440\u0430\u043b\u044c\u043d\u0430 \u0420\u0430\u0434\u0430&#8221; _builder_version=&#8221;4.27.3&#8243; text_orientation=&#8221;center&#8221; module_alignment=&#8221;center&#8221; disabled=&#8221;on&#8221; global_colors_info=&#8221;{}&#8221;]<\/p>\n<p style=\"text-align: left;\"><span style=\"font-size: 14pt;\"><strong>\u0414\u0406\u0404\u0426\u0415\u0417\u0406\u0410\u041b\u042c\u041d\u0410 \u0415\u041a\u041e\u041d\u041e\u041c\u0406\u0427\u041d\u0410 \u0420\u0410\u0414\u0410<\/strong><\/span><br \/>(\u0437 \u043f&#8217;\u044f\u0442\u0438\u0440\u0456\u0447\u043d\u0438\u043c \u043c\u0430\u043d\u0434\u0430\u0442\u043e\u043c \u0432\u0456\u0434 5 \u0433\u0440\u0443\u0434\u043d\u044f 2024 \u0440\u043e\u043a\u0443 \u0434\u043e 4 \u0433\u0440\u0443\u0434\u043d\u044f 2029 \u0440\u043e\u043a\u0443)<\/p>\n<p style=\"text-align: left;\">\u0414\u043e \u0457\u0457 \u0441\u043a\u043b\u0430\u0434\u0443 \u0432\u0445\u043e\u0434\u044f\u0442\u044c, \u0432\u0456\u0434\u043f\u043e\u0432\u0456\u0434\u043d\u043e \u0434\u043e \u043d\u043e\u0440\u043c\u0438 \u0434\u0456\u044e\u0447\u043e\u0433\u043e \u0421\u0442\u0430\u0442\u0443\u0442\u0443 \u0414\u0456\u0454\u0446\u0435\u0437\u0456\u0430\u043b\u044c\u043d\u043e\u0457 \u0415\u043a\u043e\u043d\u043e\u043c\u0456\u0447\u043d\u043e\u0457 \u0420\u0430\u0434\u0438 \u0442\u0430 \u043f\u0456\u0434 \u0433\u043e\u043b\u043e\u0432\u0443\u0432\u0430\u043d\u043d\u044f\u043c \u0454\u043f\u0438\u0441\u043a\u043e\u043f\u0430 \u041c\u0443\u043a\u0430\u0447\u0456\u0432\u0441\u044c\u043a\u043e\u0433\u043e (\u043a\u0430\u043d. 492 \u00a7 1 \u0421.\u0406.\u0421.):<\/p>\n<p style=\"text-align: left;\">\u043e\u0442\u0435\u0446\u044c \u0421\u0435\u0440\u0433\u0456\u0439 \u0413\u0415\u0420\u0417\u0410\u041d\u0418\u0427;<br \/>\u043f\u0430\u043d \u0419\u043e\u0441\u0438\u043f \u0422\u041e\u0420\u041f\u041e\u0406;<br \/>\u043f\u0430\u043d\u0456 \u041a\u0456\u043d\u0433\u0430 \u041d\u041e\u0411\u0406\u041b\u0406\u0421;<br \/>\u043f\u0430\u043d\u0456 \u041e\u043b\u0435\u0441\u044f \u041d\u041e\u0412\u0410\u041a;<\/p>\n<p style=\"text-align: left;\">\u0421\u0435\u043a\u0440\u0435\u0442\u0430\u0440 \u0420\u0430\u0434\u0438 \u043e\u0442\u0435\u0446\u044c \u0421\u0435\u0440\u0433\u0456\u0439 \u0413\u0415\u0420\u0417\u0410\u041d\u0418\u0427.<\/p>\n<p>[\/et_pb_text][et_pb_divider disabled_on=&#8221;on|on|on&#8221; _builder_version=&#8221;4.27.3&#8243; _module_preset=&#8221;default&#8221; disabled=&#8221;on&#8221; global_colors_info=&#8221;{}&#8221;][\/et_pb_divider][\/et_pb_column][\/et_pb_row][\/et_pb_section]<\/p>\n","protected":false},"excerpt":{"rendered":"<p>Egyh\u00e1zmegyei test\u00fcletekEGYH\u00c1ZMEGYEI PAPI SZEN\u00c1TUS(\u00f6t\u00e9ves megb\u00edzat\u00e1ssal, 2024. m\u00e1rcius 28-t\u00f3l 2029. m\u00e1rcius 27-ig terjed\u0151 id\u0151tartamra). A szen\u00e1tus a hat\u00e1lyban l\u00e9v\u0151 rendelettel \u00f6sszhangban \u00e9s a munk\u00e1csi megy\u00e9sp\u00fcsp\u00f6k eln\u00f6klet\u00e9vel (500. can. 1. \u00a7 ) a k\u00f6vetkez\u0151 tagokb\u00f3l \u00e1ll: V\u00c1LASZTOTT TAGOK (497. can., 1\u00b0):Petenko Miron atyaFizer Evgen atyaSzulincs\u00e1k S\u00e1ndor atyaHenrik Javorskij atyaPog\u00e1ny Istv\u00e1n atya JOGOSULT TAGOK (497. can., 2\u00b0):Zsarkovszkij P\u00e9ter atya, \u00e1ltal\u00e1nos helyn\u00f6kMoln\u00e1r J\u00e1nos atya, p\u00fcsp\u00f6ki helyn\u00f6kHerzanics Szerhij atya, irodaigazgat\u00f3 A P\u00dcSP\u00d6K \u00c1LTAL KINEVEZETT TAGOK:Weinrauch M\u00e1ri\u00f3 OFM atyaTomasz Koza SDS atyaR\u00e1cz Istv\u00e1n atyaPavlo Shevchuk OFM atya Titk\u00e1r: Herzanics Szerhij atyaEGYH\u00c1ZMEGYEI TAN\u00c1CSOSOK TEST\u00dcLETE(\u00f6t\u00e9ves megb\u00edzat\u00e1ssal, 2024. m\u00e1rcius 28-t\u00f3l 2029. m\u00e1rcius 27-ig terjed\u0151 id\u0151tartamra) Zsarkovszkij P\u00e9ter atyaMoln\u00e1r J\u00e1nos atyaPetenko Miron atyaPog\u00e1ny Istv\u00e1n atyaFizer Evgen atyaWeinrauch M\u00e1ri\u00f3 OFM atya Titk\u00e1r: Herzanics Szerhij atyaEGYH\u00c1ZMEGYEI GAZDAS\u00c1GI TAN\u00c1CS(\u00f6t\u00e9ves megb\u00edzat\u00e1ssal 2024. december 5-t\u0151l 2029. december 4-ig terjed\u0151 id\u0151szakra) Az Egyh\u00e1zmegyei Gazdas\u00e1gi Tan\u00e1cs a hat\u00e1lyban l\u00e9v\u0151 rendelettel \u00f6sszhangban \u00e9s a munk\u00e1csi megy\u00e9sp\u00fcsp\u00f6k eln\u00f6klet\u00e9vel a k\u00f6vetkez\u0151 tagokb\u00f3l \u00e1ll (492. can. C.I.C. 1. \u00a7): Herzanics Szerhij atyaTarpai J\u00f3zsefNobilis KingaNovak Olesya Titk\u00e1r: Herzanics Szerhij atya\u0414\u0406\u0404\u0426\u0415\u0417\u0406\u0410\u041b\u042c\u041d\u0410 \u0415\u041a\u041e\u041d\u041e\u041c\u0406\u0427\u041d\u0410 \u0420\u0410\u0414\u0410(\u0437 \u043f&#8217;\u044f\u0442\u0438\u0440\u0456\u0447\u043d\u0438\u043c \u043c\u0430\u043d\u0434\u0430\u0442\u043e\u043c \u0432\u0456\u0434 5 \u0433\u0440\u0443\u0434\u043d\u044f 2024 \u0440\u043e\u043a\u0443 \u0434\u043e 4 \u0433\u0440\u0443\u0434\u043d\u044f 2029 \u0440\u043e\u043a\u0443) \u0414\u043e \u0457\u0457 \u0441\u043a\u043b\u0430\u0434\u0443 \u0432\u0445\u043e\u0434\u044f\u0442\u044c, \u0432\u0456\u0434\u043f\u043e\u0432\u0456\u0434\u043d\u043e \u0434\u043e \u043d\u043e\u0440\u043c\u0438 \u0434\u0456\u044e\u0447\u043e\u0433\u043e \u0421\u0442\u0430\u0442\u0443\u0442\u0443 \u0414\u0456\u0454\u0446\u0435\u0437\u0456\u0430\u043b\u044c\u043d\u043e\u0457 \u0415\u043a\u043e\u043d\u043e\u043c\u0456\u0447\u043d\u043e\u0457 \u0420\u0430\u0434\u0438 \u0442\u0430 \u043f\u0456\u0434 \u0433\u043e\u043b\u043e\u0432\u0443\u0432\u0430\u043d\u043d\u044f\u043c \u0454\u043f\u0438\u0441\u043a\u043e\u043f\u0430 \u041c\u0443\u043a\u0430\u0447\u0456\u0432\u0441\u044c\u043a\u043e\u0433\u043e (\u043a\u0430\u043d. 492 \u00a7 1 \u0421.\u0406.\u0421.): \u043e\u0442\u0435\u0446\u044c \u0421\u0435\u0440\u0433\u0456\u0439 \u0413\u0415\u0420\u0417\u0410\u041d\u0418\u0427;\u043f\u0430\u043d \u0419\u043e\u0441\u0438\u043f \u0422\u041e\u0420\u041f\u041e\u0406;\u043f\u0430\u043d\u0456 \u041a\u0456\u043d\u0433\u0430 [&hellip;]<\/p>\n","protected":false},"author":1,"featured_media":0,"parent":0,"menu_order":0,"comment_status":"closed","ping_status":"closed","template":"","meta":{"_acf_changed":false,"_et_pb_use_builder":"on","_et_pb_old_content":"","_et_gb_content_width":"","footnotes":""},"class_list":["post-12914","page","type-page","status-publish","hentry"],"acf":[],"_links":{"self":[{"href":"https:\/\/munkacs-diocese.org\/hu\/wp-json\/wp\/v2\/pages\/12914"}],"collection":[{"href":"https:\/\/munkacs-diocese.org\/hu\/wp-json\/wp\/v2\/pages"}],"about":[{"href":"https:\/\/munkacs-diocese.org\/hu\/wp-json\/wp\/v2\/types\/page"}],"author":[{"embeddable":true,"href":"https:\/\/munkacs-diocese.org\/hu\/wp-json\/wp\/v2\/users\/1"}],"replies":[{"embeddable":true,"href":"https:\/\/munkacs-diocese.org\/hu\/wp-json\/wp\/v2\/comments?post=12914"}],"version-history":[{"count":12,"href":"https:\/\/munkacs-diocese.org\/hu\/wp-json\/wp\/v2\/pages\/12914\/revisions"}],"predecessor-version":[{"id":12979,"href":"https:\/\/munkacs-diocese.org\/hu\/wp-json\/wp\/v2\/pages\/12914\/revisions\/12979"}],"wp:attachment":[{"href":"https:\/\/munkacs-diocese.org\/hu\/wp-json\/wp\/v2\/media?parent=12914"}],"curies":[{"name":"wp","href":"https:\/\/api.w.org\/{rel}","templated":true}]}}