{"id":12863,"date":"2025-03-03T15:37:16","date_gmt":"2025-03-03T14:37:16","guid":{"rendered":"https:\/\/munkacs-diocese.org\/hu\/?page_id=12863"},"modified":"2025-12-09T13:39:49","modified_gmt":"2025-12-09T12:39:49","slug":"hivatali-reszlegek","status":"publish","type":"page","link":"https:\/\/munkacs-diocese.org\/hu\/hivatali-reszlegek\/","title":{"rendered":"Hivatali r\u00e9szlegek"},"content":{"rendered":"<div id=\"fb-root\"><\/div>\n<p>[et_pb_section fb_built=&#8221;1&#8243; _builder_version=&#8221;4.25.1&#8243; _module_preset=&#8221;default&#8221; custom_padding=&#8221;||0px|||&#8221; global_colors_info=&#8221;{}&#8221;][et_pb_row _builder_version=&#8221;4.25.1&#8243; _module_preset=&#8221;default&#8221; min_height=&#8221;43.9px&#8221; global_colors_info=&#8221;{}&#8221;][et_pb_column type=&#8221;4_4&#8243; _builder_version=&#8221;4.25.1&#8243; _module_preset=&#8221;default&#8221; global_colors_info=&#8221;{}&#8221;][et_pb_heading title=&#8221;A p\u00fcsp\u00f6ki hivatal r\u00e9szlegei \u00e9s test\u00fcletei&#8221; _builder_version=&#8221;4.25.1&#8243; _module_preset=&#8221;default&#8221; global_colors_info=&#8221;{}&#8221;][\/et_pb_heading][chiac_divi_accordions _builder_version=&#8221;4.25.1&#8243; _module_preset=&#8221;default&#8221; hover_enabled=&#8221;0&#8243; locked=&#8221;off&#8221; global_colors_info=&#8221;{}&#8221; sticky_enabled=&#8221;0&#8243;][chiac_divi_accordions_item title=&#8221;Komunik\u00e1ci\u00f3s r\u00e9szleg&#8221; chiac_subtitle_state=&#8221;off&#8221; chiac_l_icon_rotate=&#8221;on&#8221; chiac_select_fonticon=&#8221;&#x47;||divi||400&#8243; chiac_r_icon_state=&#8221;off&#8221; _builder_version=&#8221;4.25.1&#8243; _module_preset=&#8221;default&#8221; global_colors_info=&#8221;{}&#8221;]<\/p>\n<div class=\"et_pb_row et_pb_row_6\">\n<p><strong>Az online fel\u00fcletek technikai kezel\u00e9se\u00a0<\/strong><\/p>\n<p>e-mail: admin@munkacs-diocese.org<\/p>\n<p>Informatikus: Gy\u00fcrki Andr\u00e1s<\/p>\n<hr \/>\n<p><strong>\u00daJ HAJT\u00c1S &#8211; az egyh\u00e1zmegye magyar nyelv\u0171 foly\u00f3irata<\/strong><\/p>\n<p>89600 Ukrajna, Munk\u00e1cs, Mira utca 15. Pf.: 76.<br \/>e-mail: ujhajtas@munkacs-diocese.org<\/p>\n<p>F\u0151szerkeszt\u0151: Feh\u00e9r Rita<\/p>\n<hr \/>\n<p><strong>SVITLO &#8211; az egyh\u00e1zmegye ukr\u00e1n nyelv\u0171 \u00fajs\u00e1ga<\/strong><\/p>\n<p>89600 Ukrajna, Munk\u00e1cs, Mira utca 15. Pf.: 76.<br \/>e-mail: md.rkc.presa@gmail.com<\/p>\n<p>F\u0151szerkeszt\u0151: Reshetar Tetjana<\/p>\n<hr \/>\n<p><strong>K\u00f6z\u00f6ss\u00e9gi oldalak<\/strong><\/p>\n<p>facebook: <a href=\"https:\/\/www.facebook.com\/munkacs.diocese\" target=\"_blank\" rel=\"noopener\">Munk\u00e1csi R\u00f3mai Katolikus Egyh\u00e1zmegye <\/a><\/p>\n<\/div>\n<p>[\/chiac_divi_accordions_item][chiac_divi_accordions_item title=&#8221;Pasztor\u00e1lis r\u00e9szleg&#8221; chiac_subtitle_state=&#8221;off&#8221; chiac_l_icon_rotate=&#8221;on&#8221; chiac_select_fonticon=&#8221;&#x47;||divi||400&#8243; chiac_r_icon_state=&#8221;off&#8221; _builder_version=&#8221;4.25.1&#8243; _module_preset=&#8221;default&#8221; global_colors_info=&#8221;{}&#8221;]<\/p>\n<h3>Petenko Miron atya<\/h3>\n<p><em>A Munk\u00e1csi Egyh\u00e1zmegye magyar nyelv\u0171 h\u00edv\u0151k lelkip\u00e1sztora<\/em><\/p>\n<ul>\n<li>curia@munkacs-diocese.org<\/li>\n<\/ul>\n<hr \/>\n<h3>Fizer Evgen atya<\/h3>\n<p><em>A Munk\u00e1csi Egyh\u00e1zmegye ukr\u00e1n nyelv\u0171 h\u00edv\u0151k lelkip\u00e1sztora<\/em><\/p>\n<ul>\n<li>curia@munkacs-diocese.org<\/li>\n<\/ul>\n<hr \/>\n<h3>Jurij Holotyuk atya<\/h3>\n<p><em>A Munk\u00e1csi Egyh\u00e1zmegye ifj\u00fas\u00e1g\u00e1nak lelkip\u00e1sztora<\/em><\/p>\n<ul>\n<li>curia@munkacs-diocese.org<\/li>\n<\/ul>\n<hr \/>\n<h3>Megyesi L\u00e1szl\u00f3 diak\u00f3nus<\/h3>\n<p><em>A Munk\u00e1csi Egyh\u00e1zmegye magyar nyelv\u0171 ifj\u00fas\u00e1g\u00e1nak lelkip\u00e1sztora<\/em><\/p>\n<ul>\n<li>curia@munkacs-diocese.org<\/li>\n<\/ul>\n<p>[\/chiac_divi_accordions_item][chiac_divi_accordions_item title=&#8221;Hitoktat\u00e1si iroda&#8221; chiac_subtitle_state=&#8221;off&#8221; chiac_l_icon_rotate=&#8221;on&#8221; chiac_select_fonticon=&#8221;&#x47;||divi||400&#8243; chiac_r_icon_state=&#8221;off&#8221; _builder_version=&#8221;4.25.1&#8243; _module_preset=&#8221;default&#8221; hover_enabled=&#8221;0&#8243; global_colors_info=&#8221;{}&#8221; sticky_enabled=&#8221;0&#8243;]<\/p>\n<h3>Rohozs\u00e1n J\u00f3zsef diak\u00f3nus<\/h3>\n<p><em>Irodavezet\u0151<\/em><\/p>\n<ul>\n<li>katechet.ofis@munkacs-diocese.org<\/li>\n<\/ul>\n<p>[\/chiac_divi_accordions_item][chiac_divi_accordions_item title=&#8221;Gazdas\u00e1gi r\u00e9szleg&#8221; chiac_subtitle_state=&#8221;off&#8221; chiac_l_icon_rotate=&#8221;on&#8221; chiac_select_fonticon=&#8221;&#x47;||divi||400&#8243; chiac_r_icon_state=&#8221;off&#8221; _builder_version=&#8221;4.25.1&#8243; _module_preset=&#8221;default&#8221; global_colors_info=&#8221;{}&#8221;]<\/p>\n<h3>Fizer Evgen atya<\/h3>\n<p><em>Egyh\u00e1zmegyei vagyonkezel\u0151<\/em><\/p>\n<ul>\n<li>ekonom@munkacs-diocese.org<\/li>\n<\/ul>\n<hr \/>\n<h3>Olesya Novak<\/h3>\n<p><em>Egyh\u00e1zmegyei p\u00e9nzt\u00e1ros<\/em><\/p>\n<ul>\n<li>ekonom@munkacs-diocese.org<\/li>\n<\/ul>\n<hr \/>\n<h3>Nobilis Kinga<\/h3>\n<p><em>P\u00e1ly\u00e1zati \u00fcgyint\u00e9z\u0151 <\/em><\/p>\n<ul>\n<li>mrkp.titkar2@gmail.com<\/li>\n<\/ul>\n<hr \/>\n<h3>Sufrics Ildik\u00f3<\/h3>\n<p><em>K\u00f6nyvel\u0151<\/em><\/p>\n<ul>\n<li>mrkp.titkar2@gmail.com<\/li>\n<\/ul>\n<p>[\/chiac_divi_accordions_item][chiac_divi_accordions_item title=&#8221;Egyh\u00e1zm\u0171v\u00e9szeti \u00e9s M\u0171eml\u00e9ki Bizotts\u00e1g&#8221; chiac_subtitle_state=&#8221;off&#8221; chiac_l_icon_rotate=&#8221;on&#8221; chiac_select_fonticon=&#8221;&#x47;||divi||400&#8243; chiac_r_icon_state=&#8221;off&#8221; _builder_version=&#8221;4.25.1&#8243; _module_preset=&#8221;default&#8221; global_colors_info=&#8221;{}&#8221;]<\/p>\n<p>2024. szeptember 2-\u00e1n alakult meg<\/p>\n<p><em>A bizotts\u00e1g a Munk\u00e1csi Egyh\u00e1zmegye fennhat\u00f3s\u00e1ga al\u00e1 tartoz\u00f3 egyh\u00e1zi ingatlanok \u00e9s ing\u00f3s\u00e1gok, vall\u00e1si \u00e9s kultur\u00e1lis javak tanulm\u00e1nyoz\u00e1s\u00e1val, meg\u0151rz\u00e9s\u00e9vel \u00e9s fenntart\u00e1s\u00e1val foglalkozik.<\/em><\/p>\n<p><span style=\"font-size: 14pt;\">Fizer Evgen atya, a bizotts\u00e1g eln\u00f6ke<br \/>Tomasz Koza SDS atya<br \/>Tarpai J\u00f3zsef<\/span><\/p>\n<p>[\/chiac_divi_accordions_item][chiac_divi_accordions_item title=&#8221;Hitoktat\u00e1si Bizotts\u00e1g&#8221; chiac_subtitle_state=&#8221;off&#8221; chiac_l_icon_rotate=&#8221;on&#8221; chiac_select_fonticon=&#8221;&#x47;||divi||400&#8243; chiac_r_icon_state=&#8221;off&#8221; _builder_version=&#8221;4.25.1&#8243; _module_preset=&#8221;default&#8221; global_colors_info=&#8221;{}&#8221;]<\/p>\n<p>2024. janu\u00e1r 31-\u00e9n alakult meg<\/p>\n<p><em>A bizotts\u00e1g feladata, hogy seg\u00edtse a Munk\u00e1csi Egyh\u00e1zmegye hitoktat\u00e1si folyamatait \u00e9s az evangeliz\u00e1ci\u00f3t.<\/em><\/p>\n<p><span style=\"font-size: 14pt;\">Megyesi L\u00e1szl\u00f3 diak\u00f3nus, a bizotts\u00e1g eln\u00f6ke<\/span><br \/><span style=\"font-size: 14pt;\">Fudella J\u00f3zsef<\/span><br \/><span style=\"font-size: 14pt;\">Mihalovics Krisztina<\/span><br \/><span style=\"font-size: 14pt;\">Marietta Nadyova CJ n\u0151v\u00e9r<\/span><br \/><span style=\"font-size: 14pt;\">Gabriela Zavarukhina<\/span><\/p>\n<p>[\/chiac_divi_accordions_item][\/chiac_divi_accordions][\/et_pb_column][\/et_pb_row][\/et_pb_section]<\/p>\n","protected":false},"excerpt":{"rendered":"<p><div class=\"et_pb_module chiac_divi_accordions chiac_divi_accordions_0\">\n\t\t\t\t\n\t\t\t\t\n\t\t\t\t\n\t\t\t\t\n\t\t\t\t\n\t\t\t\t\n\t\t\t\t<div class=\"et_pb_module_inner\">\n\t\t\t\t\t<div class=\"et_pb_module chiac_divi_accordions chiac_divi_accordions_0\">\n\t\t\t\t\n\t\t\t\t\n\t\t\t\t\n\t\t\t\t\n\t\t\t\t\n\t\t\t\t\n\t\t\t\t<div class=\"et_pb_module_inner\">\n\t\t\t\t\t<div class=\"chiac-content-wrapper chiac_toggle_speed-200\" data-speed=\"200\" data-mode=\"multiple\"><\/div>\n\t\t\t\t<\/div>\n\t\t\t<\/div>\n\t\t\t\t<\/div>\n\t\t\t<\/div><div class=\"et_pb_module chiac_divi_accordions_item chiac_divi_accordions_item_0\">\n\t\t\t\t\n\t\t\t\t\n\t\t\t\t\n\t\t\t\t\n\t\t\t\t\n\t\t\t\t\n\t\t\t\t<div class=\"et_pb_module_inner\">\n\t\t\t\t\t\n            <div class=\"chiac-header chiac_closed chiac_subtitle_hidden chiac_left_icon_show chiac_right_icon_hidden chiac_l_icon_rotate    \">\n                <div class=\"chiac_left_icon_container   \">\n                    <i class=\"chiac_left_icon et-pb-icon\"><span>&#x47;<\/span><\/i>\n                <\/div>\n                <div class=\"chiac_heading_container\">\n                    <h4 class=\"chiac-title\">Komunik\u00e1ci\u00f3s r\u00e9szleg<\/h4>\n                    <h6 class=\"chiac-subtitle\">Your Subtitle Goes Here<\/h6>\n                <\/div>\n                <div class=\"chiac_right_icon_container   \">\n                    <i class=\"chiac_right_icon et-pb-icon\"><span>&#x33;<\/span><\/i>\n                <\/div>\n            <\/div>   \n\t\t\t<div class=\"chiac-content\"> Az online fel\u00fcletek technikai kezel\u00e9se\u00a0 e-mail: admin@munkacs-diocese.org Informatikus: Gy\u00fcrki Andr\u00e1s \u00daJ HAJT\u00c1S &#8211; az egyh\u00e1zmegye magyar nyelv\u0171 foly\u00f3irata 89600 Ukrajna, Munk\u00e1cs, Mira utca 15. Pf.: 76.e-mail: ujhajtas@munkacs-diocese.org F\u0151szerkeszt\u0151: Feh\u00e9r Rita SVITLO &#8211; az egyh\u00e1zmegye ukr\u00e1n nyelv\u0171 \u00fajs\u00e1ga 89600 Ukrajna, Munk\u00e1cs, Mira utca 15. Pf.: 76.e-mail: md.rkc.presa@gmail.com F\u0151szerkeszt\u0151: Reshetar Tetjana K\u00f6z\u00f6ss\u00e9gi oldalak facebook: Munk\u00e1csi R\u00f3mai Katolikus Egyh\u00e1zmegye <\/div>\n\t\t\t\t<\/div>\n\t\t\t<\/div><div class=\"et_pb_module chiac_divi_accordions_item chiac_divi_accordions_item_1\">\n\t\t\t\t\n\t\t\t\t\n\t\t\t\t\n\t\t\t\t\n\t\t\t\t\n\t\t\t\t\n\t\t\t\t<div class=\"et_pb_module_inner\">\n\t\t\t\t\t\n            <div class=\"chiac-header chiac_closed chiac_subtitle_hidden chiac_left_icon_show chiac_right_icon_hidden chiac_l_icon_rotate    \">\n                <div class=\"chiac_left_icon_container   \">\n                    <i class=\"chiac_left_icon et-pb-icon\"><span>&#x47;<\/span><\/i>\n                <\/div>\n                <div class=\"chiac_heading_container\">\n                    <h4 class=\"chiac-title\">Pasztor\u00e1lis r\u00e9szleg<\/h4>\n                    <h6 class=\"chiac-subtitle\">Your Subtitle Goes Here<\/h6>\n                <\/div>\n                <div class=\"chiac_right_icon_container   \">\n                    <i class=\"chiac_right_icon et-pb-icon\"><span>&#x33;<\/span><\/i>\n                <\/div>\n            <\/div>   \n\t\t\t<div class=\"chiac-content\">Petenko Miron atya A Munk\u00e1csi Egyh\u00e1zmegye magyar nyelv\u0171 h\u00edv\u0151k lelkip\u00e1sztora curia@munkacs-diocese.org Fizer Evgen atya A Munk\u00e1csi Egyh\u00e1zmegye ukr\u00e1n nyelv\u0171 h\u00edv\u0151k lelkip\u00e1sztora curia@munkacs-diocese.org Jurij Holotyuk atya A Munk\u00e1csi Egyh\u00e1zmegye ifj\u00fas\u00e1g\u00e1nak lelkip\u00e1sztora curia@munkacs-diocese.org Megyesi L\u00e1szl\u00f3 diak\u00f3nus A Munk\u00e1csi Egyh\u00e1zmegye magyar nyelv\u0171 ifj\u00fas\u00e1g\u00e1nak lelkip\u00e1sztora curia@munkacs-diocese.org <\/div>\n\t\t\t\t<\/div>\n\t\t\t<\/div><div class=\"et_pb_module chiac_divi_accordions_item chiac_divi_accordions_item_2\">\n\t\t\t\t\n\t\t\t\t\n\t\t\t\t\n\t\t\t\t\n\t\t\t\t\n\t\t\t\t\n\t\t\t\t<div class=\"et_pb_module_inner\">\n\t\t\t\t\t\n            <div class=\"chiac-header chiac_closed chiac_subtitle_hidden chiac_left_icon_show chiac_right_icon_hidden chiac_l_icon_rotate    \">\n                <div class=\"chiac_left_icon_container   \">\n                    <i class=\"chiac_left_icon et-pb-icon\"><span>&#x47;<\/span><\/i>\n                <\/div>\n                <div class=\"chiac_heading_container\">\n                    <h4 class=\"chiac-title\">Hitoktat\u00e1si iroda<\/h4>\n                    <h6 class=\"chiac-subtitle\">Your Subtitle Goes Here<\/h6>\n                <\/div>\n                <div class=\"chiac_right_icon_container   \">\n                    <i class=\"chiac_right_icon et-pb-icon\"><span>&#x33;<\/span><\/i>\n                <\/div>\n            <\/div>   \n\t\t\t<div class=\"chiac-content\">Rohozs\u00e1n J\u00f3zsef diak\u00f3nus Irodavezet\u0151 katechet.ofis@munkacs-diocese.org <\/div>\n\t\t\t\t<\/div>\n\t\t\t<\/div><div class=\"et_pb_module chiac_divi_accordions_item chiac_divi_accordions_item_3\">\n\t\t\t\t\n\t\t\t\t\n\t\t\t\t\n\t\t\t\t\n\t\t\t\t\n\t\t\t\t\n\t\t\t\t<div class=\"et_pb_module_inner\">\n\t\t\t\t\t\n            <div class=\"chiac-header chiac_closed chiac_subtitle_hidden chiac_left_icon_show chiac_right_icon_hidden chiac_l_icon_rotate    \">\n                <div class=\"chiac_left_icon_container   \">\n                    <i class=\"chiac_left_icon et-pb-icon\"><span>&#x47;<\/span><\/i>\n                <\/div>\n                <div class=\"chiac_heading_container\">\n                    <h4 class=\"chiac-title\">Gazdas\u00e1gi r\u00e9szleg<\/h4>\n                    <h6 class=\"chiac-subtitle\">Your Subtitle Goes Here<\/h6>\n                <\/div>\n                <div class=\"chiac_right_icon_container   \">\n                    <i class=\"chiac_right_icon et-pb-icon\"><span>&#x33;<\/span><\/i>\n                <\/div>\n            <\/div>   \n\t\t\t<div class=\"chiac-content\">Fizer Evgen atya Egyh\u00e1zmegyei vagyonkezel\u0151 ekonom@munkacs-diocese.org Olesya Novak Egyh\u00e1zmegyei p\u00e9nzt\u00e1ros ekonom@munkacs-diocese.org Nobilis Kinga P\u00e1ly\u00e1zati \u00fcgyint\u00e9z\u0151 mrkp.titkar2@gmail.com Sufrics Ildik\u00f3 K\u00f6nyvel\u0151 mrkp.titkar2@gmail.com <\/div>\n\t\t\t\t<\/div>\n\t\t\t<\/div><div class=\"et_pb_module chiac_divi_accordions_item chiac_divi_accordions_item_4\">\n\t\t\t\t\n\t\t\t\t\n\t\t\t\t\n\t\t\t\t\n\t\t\t\t\n\t\t\t\t\n\t\t\t\t<div class=\"et_pb_module_inner\">\n\t\t\t\t\t\n            <div class=\"chiac-header chiac_closed chiac_subtitle_hidden chiac_left_icon_show chiac_right_icon_hidden chiac_l_icon_rotate    \">\n                <div class=\"chiac_left_icon_container   \">\n                    <i class=\"chiac_left_icon et-pb-icon\"><span>&#x47;<\/span><\/i>\n                <\/div>\n                <div class=\"chiac_heading_container\">\n                    <h4 class=\"chiac-title\">Egyh\u00e1zm\u0171v\u00e9szeti \u00e9s M\u0171eml\u00e9ki Bizotts\u00e1g<\/h4>\n                    <h6 class=\"chiac-subtitle\">Your Subtitle Goes Here<\/h6>\n                <\/div>\n                <div class=\"chiac_right_icon_container   \">\n                    <i class=\"chiac_right_icon et-pb-icon\"><span>&#x33;<\/span><\/i>\n                <\/div>\n            <\/div>   \n\t\t\t<div class=\"chiac-content\"><\/div>\n\t\t\t\t<\/div>\n\t\t\t<\/div>2024. szeptember 2-\u00e1n alakult meg A bizotts\u00e1g a Munk\u00e1csi Egyh\u00e1zmegye fennhat\u00f3s\u00e1ga al\u00e1 tartoz\u00f3 egyh\u00e1zi ingatlanok \u00e9s ing\u00f3s\u00e1gok, vall\u00e1si \u00e9s kultur\u00e1lis javak [&hellip;]<\/p>\n","protected":false},"author":1,"featured_media":0,"parent":0,"menu_order":0,"comment_status":"closed","ping_status":"closed","template":"","meta":{"_acf_changed":false,"_et_pb_use_builder":"on","_et_pb_old_content":"","_et_gb_content_width":"","footnotes":""},"class_list":["post-12863","page","type-page","status-publish","hentry"],"acf":[],"_links":{"self":[{"href":"https:\/\/munkacs-diocese.org\/hu\/wp-json\/wp\/v2\/pages\/12863"}],"collection":[{"href":"https:\/\/munkacs-diocese.org\/hu\/wp-json\/wp\/v2\/pages"}],"about":[{"href":"https:\/\/munkacs-diocese.org\/hu\/wp-json\/wp\/v2\/types\/page"}],"author":[{"embeddable":true,"href":"https:\/\/munkacs-diocese.org\/hu\/wp-json\/wp\/v2\/users\/1"}],"replies":[{"embeddable":true,"href":"https:\/\/munkacs-diocese.org\/hu\/wp-json\/wp\/v2\/comments?post=12863"}],"version-history":[{"count":17,"href":"https:\/\/munkacs-diocese.org\/hu\/wp-json\/wp\/v2\/pages\/12863\/revisions"}],"predecessor-version":[{"id":14314,"href":"https:\/\/munkacs-diocese.org\/hu\/wp-json\/wp\/v2\/pages\/12863\/revisions\/14314"}],"wp:attachment":[{"href":"https:\/\/munkacs-diocese.org\/hu\/wp-json\/wp\/v2\/media?parent=12863"}],"curies":[{"name":"wp","href":"https:\/\/api.w.org\/{rel}","templated":true}]}}