{"id":11689,"date":"2024-03-22T15:24:57","date_gmt":"2024-03-22T14:24:57","guid":{"rendered":"https:\/\/munkacs-diocese.org\/hu\/?page_id=11689"},"modified":"2025-03-28T10:58:25","modified_gmt":"2025-03-28T09:58:25","slug":"noi-szerzetesrendhazak","status":"publish","type":"page","link":"https:\/\/munkacs-diocese.org\/hu\/noi-szerzetesrendhazak\/","title":{"rendered":"N\u0151i szerzetesrendh\u00e1zak"},"content":{"rendered":"<div id=\"fb-root\"><\/div>\n<p>[et_pb_section fb_built=&#8221;1&#8243; admin_label=&#8221;section&#8221; _builder_version=&#8221;4.17.3&#8243; locked=&#8221;off&#8221; global_colors_info=&#8221;{}&#8221;][et_pb_row admin_label=&#8221;row&#8221; _builder_version=&#8221;4.16&#8243; background_size=&#8221;initial&#8221; background_position=&#8221;top_left&#8221; background_repeat=&#8221;repeat&#8221; global_colors_info=&#8221;{}&#8221;][et_pb_column type=&#8221;4_4&#8243; _builder_version=&#8221;4.16&#8243; custom_padding=&#8221;|||&#8221; global_colors_info=&#8221;{}&#8221; custom_padding__hover=&#8221;|||&#8221;][et_pb_text _builder_version=&#8221;4.17.3&#8243; _module_preset=&#8221;default&#8221; global_colors_info=&#8221;{}&#8221;]<\/p>\n<h1>N\u0151i szerzetesrendh\u00e1zak<\/h1>\n<div id=\"gtx-trans\" style=\"position: absolute; left: 114px; top: 74.8375px;\">\n<div class=\"gtx-trans-icon\">\u00a0<\/div>\n<\/div>\n<p>[\/et_pb_text][et_pb_divider _builder_version=&#8221;4.17.3&#8243; _module_preset=&#8221;default&#8221; global_colors_info=&#8221;{}&#8221;][\/et_pb_divider][\/et_pb_column][\/et_pb_row][et_pb_row _builder_version=&#8221;4.17.3&#8243; _module_preset=&#8221;default&#8221; global_colors_info=&#8221;{}&#8221;][et_pb_column type=&#8221;4_4&#8243; _builder_version=&#8221;4.17.3&#8243; _module_preset=&#8221;default&#8221; global_colors_info=&#8221;{}&#8221;][et_pb_text admin_label=&#8221;Congregatio Jesu&#8221; _builder_version=&#8221;4.17.3&#8243; _module_preset=&#8221;default&#8221; global_colors_info=&#8221;{}&#8221;]<\/p>\n<h3><strong>Congregatio Jesu<\/strong><\/h3>\n<p><span style=\"font-size: 14pt;\"><a href=\"https:\/\/www.congregatiojesu.com\/\">www.congregatiojesu.com<\/a><\/span><\/p>\n<p>[\/et_pb_text][\/et_pb_column][\/et_pb_row][et_pb_row column_structure=&#8221;1_2,1_2&#8243; _builder_version=&#8221;4.17.3&#8243; _module_preset=&#8221;default&#8221; global_colors_info=&#8221;{}&#8221;][et_pb_column type=&#8221;1_2&#8243; _builder_version=&#8221;4.17.3&#8243; _module_preset=&#8221;default&#8221; global_colors_info=&#8221;{}&#8221;][et_pb_text admin_label=&#8221;Ungv\u00e1r&#8221; _builder_version=&#8221;4.17.3&#8243; _module_preset=&#8221;default&#8221; global_colors_info=&#8221;{}&#8221;]<span style=\"font-family: georgia, palatino, serif;\"><span style=\"font-size: 14pt;\">88015 <strong>Ungv\u00e1r<\/strong><br \/>\n<\/span><span style=\"font-size: 14pt;\">Volodimirska utca 76.<br \/>\n<\/span><span style=\"font-size: 14pt;\">\u0442\u0435\u043b.\/\u0444\u0430\u043a\u0441: + 38 031 26 65 150<\/span><\/span><\/p>\n<p>&nbsp;[\/et_pb_text][\/et_pb_column][et_pb_column type=&#8221;1_2&#8243; _builder_version=&#8221;4.17.3&#8243; _module_preset=&#8221;default&#8221; global_colors_info=&#8221;{}&#8221;][et_pb_text _builder_version=&#8221;4.25.1&#8243; _module_preset=&#8221;default&#8221; hover_enabled=&#8221;0&#8243; global_colors_info=&#8221;{}&#8221; sticky_enabled=&#8221;0&#8243;]<\/p>\n<p><span style=\"font-size: 14pt;\"><strong>Krisztina Nella Ratocska<\/strong><br \/><\/span><span style=\"font-size: 14pt;\">Kseniya Kraynyak<br \/><\/span><span style=\"font-size: 14pt;\">Marietta Nagyova<\/span><\/p>\n<p>[\/et_pb_text][\/et_pb_column][\/et_pb_row][et_pb_row column_structure=&#8221;1_2,1_2&#8243; _builder_version=&#8221;4.17.3&#8243; _module_preset=&#8221;default&#8221; global_colors_info=&#8221;{}&#8221;][et_pb_column type=&#8221;1_2&#8243; _builder_version=&#8221;4.17.3&#8243; _module_preset=&#8221;default&#8221; global_colors_info=&#8221;{}&#8221;][et_pb_text admin_label=&#8221;Szerednye&#8221; _builder_version=&#8221;4.17.3&#8243; _module_preset=&#8221;default&#8221; global_colors_info=&#8221;{}&#8221;]<span style=\"font-family: georgia, palatino, serif;\"><span style=\"font-size: 14pt;\">89452 <strong>Szerednye<\/strong><br \/>\n<\/span><span style=\"font-size: 14pt;\">Linszka utca 18.<\/span><\/span>[\/et_pb_text][\/et_pb_column][et_pb_column type=&#8221;1_2&#8243; _builder_version=&#8221;4.17.3&#8243; _module_preset=&#8221;default&#8221; global_colors_info=&#8221;{}&#8221;][et_pb_text _builder_version=&#8221;4.25.1&#8243; _module_preset=&#8221;default&#8221; hover_enabled=&#8221;0&#8243; global_colors_info=&#8221;{}&#8221; sticky_enabled=&#8221;0&#8243;]<strong><span style=\"font-size: 14pt;\">Diana Popovych<br \/>\n<\/span><\/strong><span style=\"font-size: 14pt;\">Kateryna Mazur<\/span>[\/et_pb_text][\/et_pb_column][\/et_pb_row][et_pb_row _builder_version=&#8221;4.17.3&#8243; _module_preset=&#8221;default&#8221; global_colors_info=&#8221;{}&#8221;][et_pb_column type=&#8221;4_4&#8243; _builder_version=&#8221;4.17.3&#8243; _module_preset=&#8221;default&#8221; global_colors_info=&#8221;{}&#8221;][et_pb_divider _builder_version=&#8221;4.17.3&#8243; _module_preset=&#8221;default&#8221; global_colors_info=&#8221;{}&#8221;][\/et_pb_divider][\/et_pb_column][\/et_pb_row][et_pb_row _builder_version=&#8221;4.17.3&#8243; _module_preset=&#8221;default&#8221; global_colors_info=&#8221;{}&#8221;][et_pb_column type=&#8221;4_4&#8243; _builder_version=&#8221;4.17.3&#8243; _module_preset=&#8221;default&#8221; global_colors_info=&#8221;{}&#8221;][et_pb_text admin_label=&#8221;DOMONKOS N\u0150V\u00c9REK&#8221; _builder_version=&#8221;4.17.3&#8243; _module_preset=&#8221;default&#8221; global_colors_info=&#8221;{}&#8221;]<\/p>\n<h3><strong>DOMONKOS N\u0150V\u00c9REK<\/strong><\/h3>\n<p><a href=\"http:\/\/dominikanky.sk\/\">dominikanky.sk<\/a><\/p>\n<p>[\/et_pb_text][\/et_pb_column][\/et_pb_row][et_pb_row column_structure=&#8221;1_2,1_2&#8243; _builder_version=&#8221;4.17.3&#8243; _module_preset=&#8221;default&#8221; global_colors_info=&#8221;{}&#8221;][et_pb_column type=&#8221;1_2&#8243; _builder_version=&#8221;4.17.3&#8243; _module_preset=&#8221;default&#8221; global_colors_info=&#8221;{}&#8221;][et_pb_text admin_label=&#8221;Munk\u00e1cs&#8221; _builder_version=&#8221;4.17.3&#8243; _module_preset=&#8221;default&#8221; global_colors_info=&#8221;{}&#8221;]<span style=\"font-size: 14pt; font-family: georgia, palatino, serif;\">89600 <strong>Munk\u00e1cs<\/strong><\/span><br \/>\n<span style=\"font-size: 14pt; font-family: georgia, palatino, serif;\"> Kapornayi Yozhefa utca 24.<\/span>[\/et_pb_text][\/et_pb_column][et_pb_column type=&#8221;1_2&#8243; _builder_version=&#8221;4.17.3&#8243; _module_preset=&#8221;default&#8221; global_colors_info=&#8221;{}&#8221;][et_pb_text _builder_version=&#8221;4.25.1&#8243; _module_preset=&#8221;default&#8221; hover_enabled=&#8221;0&#8243; global_colors_info=&#8221;{}&#8221; sticky_enabled=&#8221;0&#8243;]<strong><span style=\"font-size: 14pt;\">Savia Kasshaiova <\/span><\/strong><br \/>\n<span style=\"font-size: 14pt;\">Maria Chernitzka<\/span><br \/>\n<span style=\"font-size: 14pt;\">Karmela Krisshova <\/span>[\/et_pb_text][\/et_pb_column][\/et_pb_row][et_pb_row _builder_version=&#8221;4.17.3&#8243; _module_preset=&#8221;default&#8221; global_colors_info=&#8221;{}&#8221;][et_pb_column type=&#8221;4_4&#8243; _builder_version=&#8221;4.17.3&#8243; _module_preset=&#8221;default&#8221; global_colors_info=&#8221;{}&#8221;][et_pb_divider _builder_version=&#8221;4.17.3&#8243; _module_preset=&#8221;default&#8221; global_colors_info=&#8221;{}&#8221;][\/et_pb_divider][\/et_pb_column][\/et_pb_row][et_pb_row _builder_version=&#8221;4.17.3&#8243; _module_preset=&#8221;default&#8221; global_colors_info=&#8221;{}&#8221;][et_pb_column type=&#8221;4_4&#8243; _builder_version=&#8221;4.17.3&#8243; _module_preset=&#8221;default&#8221; global_colors_info=&#8221;{}&#8221;][et_pb_text admin_label=&#8221;Assisi Szent Ferenc Le\u00e1nyai&#8221; _builder_version=&#8221;4.17.3&#8243; _module_preset=&#8221;default&#8221; global_colors_info=&#8221;{}&#8221;]<\/p>\n<h3><strong> Assisi Szent Ferenc Le\u00e1nyai<\/strong><\/h3>\n<p><a href=\"https:\/\/frantiskanky.sk\/c\/clanky\/novinky\/\">frantiskanky.sk<\/a><\/p>\n<p>[\/et_pb_text][\/et_pb_column][\/et_pb_row][et_pb_row column_structure=&#8221;1_2,1_2&#8243; _builder_version=&#8221;4.17.3&#8243; _module_preset=&#8221;default&#8221; global_colors_info=&#8221;{}&#8221;][et_pb_column type=&#8221;1_2&#8243; _builder_version=&#8221;4.17.3&#8243; _module_preset=&#8221;default&#8221; global_colors_info=&#8221;{}&#8221;][et_pb_text admin_label=&#8221;Nagyberezna&#8221; _builder_version=&#8221;4.17.3&#8243; _module_preset=&#8221;default&#8221; global_colors_info=&#8221;{}&#8221;]<span style=\"font-size: 14pt; font-family: georgia, palatino, serif;\">89000 <strong>Nagyberezna<\/strong><\/span><br \/>\n<span style=\"font-size: 14pt; font-family: georgia, palatino, serif;\"> Korjatovicha utca 12.<\/span><br \/>\n<span style=\"font-size: 14pt; font-family: georgia, palatino, serif;\"> tel.: +38 066 08 90 962<\/span>[\/et_pb_text][\/et_pb_column][et_pb_column type=&#8221;1_2&#8243; _builder_version=&#8221;4.17.3&#8243; _module_preset=&#8221;default&#8221; global_colors_info=&#8221;{}&#8221;][et_pb_text _builder_version=&#8221;4.25.1&#8243; _module_preset=&#8221;default&#8221; hover_enabled=&#8221;0&#8243; global_colors_info=&#8221;{}&#8221; sticky_enabled=&#8221;0&#8243;]<\/p>\n<p><span style=\"font-family: georgia, palatino, serif; font-size: 14pt;\"><strong>Ihnatsiya Mariya Zhenchakova<\/strong><\/span><br \/><span style=\"font-family: georgia, palatino, serif; font-size: 14pt;\"> Anna Barankova<\/span><br \/><span style=\"font-family: georgia, palatino, serif; font-size: 14pt;\">Koleta Puha<\/span><\/p>\n<p>[\/et_pb_text][\/et_pb_column][\/et_pb_row][et_pb_row _builder_version=&#8221;4.17.3&#8243; _module_preset=&#8221;default&#8221; global_colors_info=&#8221;{}&#8221;][et_pb_column type=&#8221;4_4&#8243; _builder_version=&#8221;4.17.3&#8243; _module_preset=&#8221;default&#8221; global_colors_info=&#8221;{}&#8221;][et_pb_divider _builder_version=&#8221;4.17.3&#8243; _module_preset=&#8221;default&#8221; global_colors_info=&#8221;{}&#8221;][\/et_pb_divider][\/et_pb_column][\/et_pb_row][et_pb_row _builder_version=&#8221;4.17.3&#8243; _module_preset=&#8221;default&#8221; global_colors_info=&#8221;{}&#8221;][et_pb_column type=&#8221;4_4&#8243; _builder_version=&#8221;4.17.3&#8243; _module_preset=&#8221;default&#8221; global_colors_info=&#8221;{}&#8221;][et_pb_text admin_label=&#8221;SZATM\u00c1RI IRGALMAS N\u0150V\u00c9REK&#8221; _builder_version=&#8221;4.17.3&#8243; _module_preset=&#8221;default&#8221; global_colors_info=&#8221;{}&#8221;]<\/p>\n<h3><strong>SZATM\u00c1RI IRGALMAS N\u0150V\u00c9REK<\/strong><\/h3>\n<p><a href=\"https:\/\/svincent.org\/uk\/vikentiyska-rodina\/pro-sim-yu-4\/\">svincent.org<\/a>[\/et_pb_text][\/et_pb_column][\/et_pb_row][et_pb_row column_structure=&#8221;1_2,1_2&#8243; _builder_version=&#8221;4.17.3&#8243; _module_preset=&#8221;default&#8221; global_colors_info=&#8221;{}&#8221;][et_pb_column type=&#8221;1_2&#8243; _builder_version=&#8221;4.17.3&#8243; _module_preset=&#8221;default&#8221; global_colors_info=&#8221;{}&#8221;][et_pb_text admin_label=&#8221;Ungv\u00e1r&#8221; _builder_version=&#8221;4.17.3&#8243; _module_preset=&#8221;default&#8221; global_colors_info=&#8221;{}&#8221;]<span style=\"font-family: georgia, palatino, serif;\"><span style=\"font-size: 14pt;\">89400 <strong>Ungv\u00e1r<\/strong><br \/>\n<\/span><span style=\"font-size: 14pt;\">Duchnovycha utca 21\/4.<br \/>\n<\/span><span style=\"font-size: 14pt;\">tel.: +38 031 22 61 211<br \/>\n<\/span><span style=\"font-size: 14pt;\"><a href=\"mailto:svetlo73@centrum.sk\">svetlo73@centrum.sk<\/a><\/span><\/span>[\/et_pb_text][\/et_pb_column][et_pb_column type=&#8221;1_2&#8243; _builder_version=&#8221;4.17.3&#8243; _module_preset=&#8221;default&#8221; global_colors_info=&#8221;{}&#8221;][et_pb_text _builder_version=&#8221;4.25.1&#8243; _module_preset=&#8221;default&#8221; hover_enabled=&#8221;0&#8243; global_colors_info=&#8221;{}&#8221; sticky_enabled=&#8221;0&#8243;]<\/p>\n<p><span style=\"font-family: georgia, palatino, serif; font-size: 14pt;\"><strong>Szvjatoszlava Ilyku<\/strong><br \/><span style=\"font-family: georgia, palatino, serif; font-size: 14pt;\">Zsuzsanna Tovtin<\/span><\/span><\/p>\n<p>[\/et_pb_text][\/et_pb_column][\/et_pb_row][et_pb_row _builder_version=&#8221;4.17.3&#8243; _module_preset=&#8221;default&#8221; global_colors_info=&#8221;{}&#8221;][et_pb_column type=&#8221;4_4&#8243; _builder_version=&#8221;4.17.3&#8243; _module_preset=&#8221;default&#8221; global_colors_info=&#8221;{}&#8221;][et_pb_divider _builder_version=&#8221;4.17.3&#8243; _module_preset=&#8221;default&#8221; global_colors_info=&#8221;{}&#8221;][\/et_pb_divider][\/et_pb_column][\/et_pb_row][et_pb_row _builder_version=&#8221;4.17.3&#8243; _module_preset=&#8221;default&#8221; global_colors_info=&#8221;{}&#8221;][et_pb_column type=&#8221;4_4&#8243; _builder_version=&#8221;4.17.3&#8243; _module_preset=&#8221;default&#8221; global_colors_info=&#8221;{}&#8221;][et_pb_text admin_label=&#8221;VINC\u00c9S N\u0150V\u00c9REK&#8221; _builder_version=&#8221;4.17.3&#8243; _module_preset=&#8221;default&#8221; global_colors_info=&#8221;{}&#8221;]<\/p>\n<h3><strong>A SZERETET LE\u00c1NYAI \u2013 VINC\u00c9S N\u0150V\u00c9REK<\/strong><\/h3>\n<p><a href=\"https:\/\/www.vincentky.sk\/\">www.vincentky.sk<\/a>[\/et_pb_text][\/et_pb_column][\/et_pb_row][et_pb_row column_structure=&#8221;1_2,1_2&#8243; _builder_version=&#8221;4.17.3&#8243; _module_preset=&#8221;default&#8221; locked=&#8221;off&#8221; global_colors_info=&#8221;{}&#8221;][et_pb_column type=&#8221;1_2&#8243; _builder_version=&#8221;4.17.3&#8243; _module_preset=&#8221;default&#8221; global_colors_info=&#8221;{}&#8221;][et_pb_text admin_label=&#8221;Szolyva&#8221; _builder_version=&#8221;4.17.3&#8243; _module_preset=&#8221;default&#8221; global_colors_info=&#8221;{}&#8221;]<span style=\"font-size: 14pt; font-family: georgia, palatino, serif;\">89300 <strong>Szolyva<\/strong><br \/>\nHolovna utca 74\u00ab\u041a\u00bb\/9.<br \/>\n+38 050 92 67 253<br \/>\n<a href=\"mailto:svalavadkl@gmail.com\">svalavadkl@gmail.com<\/a><\/span>[\/et_pb_text][\/et_pb_column][et_pb_column type=&#8221;1_2&#8243; _builder_version=&#8221;4.17.3&#8243; _module_preset=&#8221;default&#8221; global_colors_info=&#8221;{}&#8221;][et_pb_text _builder_version=&#8221;4.25.1&#8243; _module_preset=&#8221;default&#8221; hover_enabled=&#8221;0&#8243; global_colors_info=&#8221;{}&#8221; sticky_enabled=&#8221;0&#8243;]<\/p>\n<p><span style=\"font-size: 14pt; font-family: georgia, palatino, serif;\"><strong>Joanna Ahneta Szlovjan<\/strong><\/span><br \/><span style=\"font-size: 14pt; font-family: georgia, palatino, serif;\"> Faustyna Fedorova<\/span><br \/><span style=\"font-size: 14pt; font-family: georgia, palatino, serif;\"> Frantishka Pavlendova<\/span><\/p>\n<p>[\/et_pb_text][\/et_pb_column][\/et_pb_row][et_pb_row column_structure=&#8221;1_2,1_2&#8243; _builder_version=&#8221;4.17.3&#8243; _module_preset=&#8221;default&#8221; locked=&#8221;off&#8221; global_colors_info=&#8221;{}&#8221;][et_pb_column type=&#8221;1_2&#8243; _builder_version=&#8221;4.17.3&#8243; _module_preset=&#8221;default&#8221; global_colors_info=&#8221;{}&#8221;][et_pb_text admin_label=&#8221;Perecseny&#8221; _builder_version=&#8221;4.17.3&#8243; _module_preset=&#8221;default&#8221; global_colors_info=&#8221;{}&#8221;]<span style=\"font-size: 14pt; font-family: georgia, palatino, serif;\">89200 <strong>Perecseny<\/strong><\/span><br \/>\n<span style=\"font-size: 14pt; font-family: georgia, palatino, serif;\"> Svitavska utca 14\/2.<\/span><br \/>\n<span style=\"font-size: 14pt; font-family: georgia, palatino, serif;\"> +38 068 37 84 035<\/span><br \/>\n<span style=\"font-size: 14pt; font-family: georgia, palatino, serif;\"> <a href=\"mailto:sestryperecin@gmail.com\">sestryperecin@gmail.com<\/a><\/span>[\/et_pb_text][\/et_pb_column][et_pb_column type=&#8221;1_2&#8243; _builder_version=&#8221;4.17.3&#8243; _module_preset=&#8221;default&#8221; global_colors_info=&#8221;{}&#8221;][et_pb_text _builder_version=&#8221;4.25.1&#8243; _module_preset=&#8221;default&#8221; module_alignment=&#8221;left&#8221; hover_enabled=&#8221;0&#8243; global_colors_info=&#8221;{}&#8221; sticky_enabled=&#8221;0&#8243;]<\/p>\n<p><span style=\"font-family: georgia, palatino, serif; font-size: 14pt;\"><strong>Natalia Kopolovec<\/strong><\/span><br \/><span style=\"font-family: georgia, palatino, serif; font-size: 14pt;\">Anna Turjanica<\/span><br \/><span style=\"font-family: georgia, palatino, serif; font-size: 14pt;\">Rozaliya Kuzhmova<\/span><\/p>\n<p>[\/et_pb_text][\/et_pb_column][\/et_pb_row][et_pb_row _builder_version=&#8221;4.17.3&#8243; _module_preset=&#8221;default&#8221; global_colors_info=&#8221;{}&#8221;][et_pb_column type=&#8221;4_4&#8243; _builder_version=&#8221;4.17.3&#8243; _module_preset=&#8221;default&#8221; global_colors_info=&#8221;{}&#8221;][et_pb_divider _builder_version=&#8221;4.17.3&#8243; _module_preset=&#8221;default&#8221; global_colors_info=&#8221;{}&#8221;][\/et_pb_divider][\/et_pb_column][\/et_pb_row][et_pb_row _builder_version=&#8221;4.17.3&#8243; _module_preset=&#8221;default&#8221; global_colors_info=&#8221;{}&#8221;][et_pb_column type=&#8221;4_4&#8243; _builder_version=&#8221;4.17.3&#8243; _module_preset=&#8221;default&#8221; global_colors_info=&#8221;{}&#8221;][et_pb_text admin_label=&#8221;Csod\u00e1s\u00e9rem&#8221; _builder_version=&#8221;4.17.3&#8243; _module_preset=&#8221;default&#8221; global_colors_info=&#8221;{}&#8221;]<\/p>\n<h3><strong>Csod\u00e1s\u00e9remr\u0151l Nevezett M\u00e1ri\u00e1s N\u0151v\u00e9rek<\/strong><\/h3>\n<p><a href=\"https:\/\/svincent.org\/uk\/vikentiyska-rodina\/pro-sim-yu-3\">svincent.org<\/a><\/p>\n<p>[\/et_pb_text][\/et_pb_column][\/et_pb_row][et_pb_row column_structure=&#8221;1_2,1_2&#8243; _builder_version=&#8221;4.17.3&#8243; _module_preset=&#8221;default&#8221; global_colors_info=&#8221;{}&#8221;][et_pb_column type=&#8221;1_2&#8243; _builder_version=&#8221;4.17.3&#8243; _module_preset=&#8221;default&#8221; global_colors_info=&#8221;{}&#8221;][et_pb_text admin_label=&#8221;Remeta&#8221; _builder_version=&#8221;4.17.3&#8243; _module_preset=&#8221;default&#8221; global_colors_info=&#8221;{}&#8221;]<span style=\"font-size: 14pt; font-family: georgia, palatino, serif;\">89221 <strong>Turja Remeta<\/strong>,<\/span><br \/>\n<span style=\"font-size: 14pt; font-family: georgia, palatino, serif;\"> Zelena utca 34.<\/span>[\/et_pb_text][\/et_pb_column][et_pb_column type=&#8221;1_2&#8243; _builder_version=&#8221;4.17.3&#8243; _module_preset=&#8221;default&#8221; global_colors_info=&#8221;{}&#8221;][et_pb_text _builder_version=&#8221;4.25.1&#8243; _module_preset=&#8221;default&#8221; module_alignment=&#8221;left&#8221; hover_enabled=&#8221;0&#8243; global_colors_info=&#8221;{}&#8221; sticky_enabled=&#8221;0&#8243;]<\/p>\n<p><span style=\"font-size: 14pt; font-family: georgia, palatino, serif;\"><strong>Jo\u017eica Sterle <\/strong><\/span><br \/><span style=\"font-size: 14pt; font-family: georgia, palatino, serif;\">Kateryna Vasylenko<\/span><\/p>\n<p>[\/et_pb_text][\/et_pb_column][\/et_pb_row][et_pb_row _builder_version=&#8221;4.17.3&#8243; _module_preset=&#8221;default&#8221; global_colors_info=&#8221;{}&#8221;][et_pb_column type=&#8221;4_4&#8243; _builder_version=&#8221;4.17.3&#8243; _module_preset=&#8221;default&#8221; global_colors_info=&#8221;{}&#8221;][et_pb_divider _builder_version=&#8221;4.17.3&#8243; _module_preset=&#8221;default&#8221; global_colors_info=&#8221;{}&#8221;][\/et_pb_divider][\/et_pb_column][\/et_pb_row][et_pb_row _builder_version=&#8221;4.17.3&#8243; _module_preset=&#8221;default&#8221; global_colors_info=&#8221;{}&#8221;][et_pb_column type=&#8221;4_4&#8243; _builder_version=&#8221;4.17.3&#8243; _module_preset=&#8221;default&#8221; global_colors_info=&#8221;{}&#8221;][et_pb_text admin_label=&#8221;Szent J\u00f3zsef N\u0151v\u00e9rei&#8221; _builder_version=&#8221;4.17.3&#8243; _module_preset=&#8221;default&#8221; global_colors_info=&#8221;{}&#8221;]<\/p>\n<h3><strong>Szent J\u00f3zsef N\u0151v\u00e9rei<\/strong><\/h3>\n<p><a href=\"https:\/\/www.facebook.com\/sjsmukraine\">www.facebook.com\/sjsmukraine<\/a>[\/et_pb_text][\/et_pb_column][\/et_pb_row][et_pb_row column_structure=&#8221;1_2,1_2&#8243; _builder_version=&#8221;4.17.3&#8243; _module_preset=&#8221;default&#8221; global_colors_info=&#8221;{}&#8221;][et_pb_column type=&#8221;1_2&#8243; _builder_version=&#8221;4.17.3&#8243; _module_preset=&#8221;default&#8221; global_colors_info=&#8221;{}&#8221;][et_pb_text admin_label=&#8221;Pavshyno&#8221; _builder_version=&#8221;4.17.3&#8243; _module_preset=&#8221;default&#8221; custom_padding=&#8221;||1px|||&#8221; global_colors_info=&#8221;{}&#8221;]<span style=\"font-size: 14pt; font-family: georgia, palatino, serif;\">89627 <strong>Pavshyno<\/strong><\/span><br \/>\n<span style=\"font-size: 14pt; font-family: georgia, palatino, serif;\"> Shevchenka utca 9.<\/span><br \/>\n<span style=\"font-size: 14pt; font-family: georgia, palatino, serif;\"> tel.: +38 050 104 4061<\/span><br \/>\n<span style=\"font-family: georgia, palatino, serif; font-size: 14pt;\"> paushingsjsm@gmail.com<\/span>[\/et_pb_text][\/et_pb_column][et_pb_column type=&#8221;1_2&#8243; _builder_version=&#8221;4.17.3&#8243; _module_preset=&#8221;default&#8221; global_colors_info=&#8221;{}&#8221;][et_pb_text _builder_version=&#8221;4.25.1&#8243; _module_preset=&#8221;default&#8221; module_alignment=&#8221;left&#8221; hover_enabled=&#8221;0&#8243; global_colors_info=&#8221;{}&#8221; sticky_enabled=&#8221;0&#8243;]<span style=\"font-size: 14pt; font-family: georgia, palatino, serif;\"><strong>Kristina Tymurshyna <\/strong><\/span><br \/>\n<span style=\"font-size: 14pt; font-family: georgia, palatino, serif;\">Ligy Payyappilly<\/span><br \/>\n<span style=\"font-size: 14pt; font-family: georgia, palatino, serif;\">Dzheydi Malpan<\/span><br \/>\n<span style=\"font-size: 14pt; font-family: georgia, palatino, serif;\">Laura Rusnakova<\/span><br \/>\n<span style=\"font-size: 14pt; font-family: georgia, palatino, serif;\">Erika Marusynets<\/span><br \/>\n<span style=\"font-size: 14pt; font-family: georgia, palatino, serif;\">Bozhena Khanyk<\/span><br \/>\n<span style=\"font-size: 14pt; font-family: georgia, palatino, serif;\">Yustyna Hofryk<\/span><br \/>\n<span style=\"font-size: 14pt; font-family: georgia, palatino, serif;\">Odrika Meshko<\/span><br \/>\n<span style=\"font-size: 14pt; font-family: georgia, palatino, serif;\">Tavika Marusynets<\/span><br \/>\n<span style=\"font-size: 14pt; font-family: georgia, palatino, serif;\">Veronika Gret<\/span><br \/>\n<span style=\"font-size: 14pt; font-family: georgia, palatino, serif;\">Tadeya Fentsik<\/span><br \/>\n<span style=\"font-size: 14pt; font-family: georgia, palatino, serif;\">Michel Paslavska<\/span><br \/>\n<span style=\"font-size: 14pt; font-family: georgia, palatino, serif;\">Emmanuela Holovko<\/span><br \/>\n<span style=\"font-size: 14pt; font-family: georgia, palatino, serif;\">Henrietta Kampov<\/span>[\/et_pb_text][\/et_pb_column][\/et_pb_row][\/et_pb_section]<\/p>\n","protected":false},"excerpt":{"rendered":"<p>N\u0151i szerzetesrendh\u00e1zak \u00a0 Congregatio Jesu www.congregatiojesu.com88015 Ungv\u00e1r Volodimirska utca 76. \u0442\u0435\u043b.\/\u0444\u0430\u043a\u0441: + 38 031 26 65 150 &nbsp;Krisztina Nella RatocskaKseniya KraynyakMarietta Nagyova89452 Szerednye Linszka utca 18.Diana Popovych Kateryna MazurDOMONKOS N\u0150V\u00c9REK dominikanky.sk89600 Munk\u00e1cs Kapornayi Yozhefa utca 24.Savia Kasshaiova Maria Chernitzka Karmela Krisshova Assisi Szent Ferenc Le\u00e1nyai frantiskanky.sk89000 Nagyberezna Korjatovicha utca 12. tel.: +38 066 08 90 962Ihnatsiya Mariya Zhenchakova Anna BarankovaKoleta PuhaSZATM\u00c1RI IRGALMAS N\u0150V\u00c9REK svincent.org89400 Ungv\u00e1r Duchnovycha utca 21\/4. tel.: +38 031 22 61 211 svetlo73@centrum.skSzvjatoszlava IlykuZsuzsanna TovtinA SZERETET LE\u00c1NYAI \u2013 VINC\u00c9S N\u0150V\u00c9REK www.vincentky.sk89300 Szolyva Holovna utca 74\u00ab\u041a\u00bb\/9. +38 050 92 67 253 svalavadkl@gmail.comJoanna Ahneta Szlovjan Faustyna Fedorova Frantishka Pavlendova89200 Perecseny Svitavska utca 14\/2. +38 068 37 84 035 sestryperecin@gmail.comNatalia KopolovecAnna TurjanicaRozaliya KuzhmovaCsod\u00e1s\u00e9remr\u0151l Nevezett M\u00e1ri\u00e1s N\u0151v\u00e9rek svincent.org89221 Turja Remeta, Zelena utca 34.Jo\u017eica Sterle Kateryna VasylenkoSzent J\u00f3zsef N\u0151v\u00e9rei www.facebook.com\/sjsmukraine89627 Pavshyno Shevchenka utca 9. tel.: +38 050 104 4061 paushingsjsm@gmail.comKristina Tymurshyna Ligy Payyappilly Dzheydi Malpan Laura Rusnakova Erika Marusynets Bozhena Khanyk Yustyna Hofryk Odrika Meshko Tavika Marusynets Veronika Gret Tadeya Fentsik Michel Paslavska Emmanuela Holovko Henrietta Kampov<\/p>\n","protected":false},"author":1,"featured_media":0,"parent":0,"menu_order":0,"comment_status":"closed","ping_status":"closed","template":"","meta":{"_acf_changed":false,"_et_pb_use_builder":"on","_et_pb_old_content":"","_et_gb_content_width":"","footnotes":""},"class_list":["post-11689","page","type-page","status-publish","hentry"],"acf":[],"_links":{"self":[{"href":"https:\/\/munkacs-diocese.org\/hu\/wp-json\/wp\/v2\/pages\/11689"}],"collection":[{"href":"https:\/\/munkacs-diocese.org\/hu\/wp-json\/wp\/v2\/pages"}],"about":[{"href":"https:\/\/munkacs-diocese.org\/hu\/wp-json\/wp\/v2\/types\/page"}],"author":[{"embeddable":true,"href":"https:\/\/munkacs-diocese.org\/hu\/wp-json\/wp\/v2\/users\/1"}],"replies":[{"embeddable":true,"href":"https:\/\/munkacs-diocese.org\/hu\/wp-json\/wp\/v2\/comments?post=11689"}],"version-history":[{"count":7,"href":"https:\/\/munkacs-diocese.org\/hu\/wp-json\/wp\/v2\/pages\/11689\/revisions"}],"predecessor-version":[{"id":13132,"href":"https:\/\/munkacs-diocese.org\/hu\/wp-json\/wp\/v2\/pages\/11689\/revisions\/13132"}],"wp:attachment":[{"href":"https:\/\/munkacs-diocese.org\/hu\/wp-json\/wp\/v2\/media?parent=11689"}],"curies":[{"name":"wp","href":"https:\/\/api.w.org\/{rel}","templated":true}]}}