{"id":37,"date":"2019-08-29T12:41:25","date_gmt":"2019-08-29T12:41:25","guid":{"rendered":"http:\/\/munkacs-diocese.org\/fr\/?page_id=37"},"modified":"2024-01-08T15:00:32","modified_gmt":"2024-01-08T15:00:32","slug":"notre-eveque","status":"publish","type":"page","link":"https:\/\/munkacs-diocese.org\/fr\/notre-eveque\/","title":{"rendered":"Notre \u00e9v\u00eaque"},"content":{"rendered":"<p>[et_pb_section fb_built=\u00a0\u00bb1&Prime; _builder_version=\u00a0\u00bb4.16&Prime; global_colors_info=\u00a0\u00bb{}\u00a0\u00bb][et_pb_row _builder_version=\u00a0\u00bb4.16&Prime; background_size=\u00a0\u00bbinitial\u00a0\u00bb background_position=\u00a0\u00bbtop_left\u00a0\u00bb background_repeat=\u00a0\u00bbrepeat\u00a0\u00bb global_colors_info=\u00a0\u00bb{}\u00a0\u00bb][et_pb_column type=\u00a0\u00bb4_4&Prime; _builder_version=\u00a0\u00bb4.16&Prime; custom_padding=\u00a0\u00bb|||\u00a0\u00bb global_colors_info=\u00a0\u00bb{}\u00a0\u00bb custom_padding__hover=\u00a0\u00bb|||\u00a0\u00bb][et_pb_text _builder_version=\u00a0\u00bb4.17.3&Prime; background_size=\u00a0\u00bbinitial\u00a0\u00bb background_position=\u00a0\u00bbtop_left\u00a0\u00bb background_repeat=\u00a0\u00bbrepeat\u00a0\u00bb hover_enabled=\u00a0\u00bb0&Prime; global_colors_info=\u00a0\u00bb{}\u00a0\u00bb sticky_enabled=\u00a0\u00bb0&Prime;]<\/p>\n<p style=\"text-align: center;\"><strong>Mykola Luchok OP<\/strong><\/p>\n<p><img loading=\"lazy\" decoding=\"async\" class=\"wp-image-350 aligncenter size-full\" src=\"http:\/\/munkacs-diocese.org\/fr\/wp-content\/uploads\/2024\/01\/0Y1A1219-scaled-e1688643554573-1.jpg\" alt=\"\" width=\"355\" height=\"532\" srcset=\"https:\/\/munkacs-diocese.org\/fr\/wp-content\/uploads\/2024\/01\/0Y1A1219-scaled-e1688643554573-1.jpg 355w, https:\/\/munkacs-diocese.org\/fr\/wp-content\/uploads\/2024\/01\/0Y1A1219-scaled-e1688643554573-1-200x300.jpg 200w\" sizes=\"(max-width: 355px) 100vw, 355px\" \/><\/p>\n<p>Il est n\u00e9 le 26 mars 1974 en Transcarpathie, \u00e0 Munk\u00e1cs.<\/p>\n<p>Il est entr\u00e9 dans l\u2019ordre dominicain en 1994. Il a \u00e9tudi\u00e9 la philosophie et la th\u00e9ologie pour la plupart au Coll\u00e8ge de l\u2019Ordre de Cracovice, \u00e9galement il a pass\u00e9 deux ans \u00e0 Kosice et \u00e0 Varsovie.<\/p>\n<p>Le 24 juin 2003 il \u00e9tait ordonn\u00e9 pr\u00eatre dans la cath\u00e9drale de Munk\u00e1cs par Antal Majnek l\u2019\u00e9v\u00eaque\u00a0dioc\u00e9sain de Munk\u00e1cs.<\/p>\n<p>De 2003 \u00e0 2010 il a servi dans la paroisse Sainte-Catherine d\u2019Alexandrie \u00e0 Saint-P\u00e9tersbourg o\u00f9 il a \u00e9galement travaill\u00e9 comme pasteur des jeunes.<\/p>\n<p>Entre 2005 et 2008 il a suivi un cours intitul\u00e9 \u201eAider les enfants dans les familles alcooliques\u201d et a \u00e9tudi\u00e9 l\u2019aasistance spirituelle aux personnes d\u00e9pendantes de l\u2019alcool et des drogues. (Caritas Saint-P\u00e9tersbourg).<\/p>\n<p>Entre 2010 et 2016 il s\u2019est occup\u00e9 des \u00e9tudiants et des jeunes au centre pastoral des dominicains \u00e0 Lemberg.<\/p>\n<p>Entre 2011 et 2013 il a compl\u00e9t\u00e9 des \u00e9tudes organis\u00e9es pour les \u00e9ducateurs du s\u00e9minaire \u00e0 Cracovie au Centre de Formation Salvatorienne.<\/p>\n<p>Entre 2013 et 2015 il a termin\u00e9 ses \u00e9tudes et obtenu une qualification de consultant de niveau de base dans le domaine de la psychoth\u00e9rapie positive.<\/p>\n<p>Entre\u00a0 2017 et 2019 il a suivu une formation intitul\u00e9e \u201e\u00c9cole d\u2019orientation individuelle et collective et d\u2019orientation familialle\u201d<\/p>\n<p>De 2016 \u00a0\u00e0\u00a0 2018 il a servi dans la paroisse du roi Christ \u00e0 Khmelnitsky.<br \/>Depuis 2018 il est le chef de la communaut\u00e9 de Lemberg, l\u2019administrateur du Centre pastoral dominicain, le chef spirituel du doyenn\u00e9 de Lemberg.<\/p>\n<p>Il a publi\u00e9 deux livres et donn\u00e9 plusieurs sermons en langue ukrainienne sur l\u2019\u00e9mission de Maria Radio qui se trouvent dans les archives de la radio.<\/p>\n<p>Le 11 novembre 2019 le pape Fran\u00e7ois l\u2019a nomm\u00e9\u00a0 \u00e9v\u00eaque adjoint du Dioc\u00e8se catholique romain de Munk\u00e1cs.<\/p>\n<p>Le 10 d\u00e9cembre 2019 il a \u00e9t\u00e9 ordonn\u00e9 \u00e9v\u00eaque dans la cath\u00e9drale Saint-Martin de Tours de\u00a0 Munk\u00e1cs.<\/p>\n<p style=\"text-align: center;\">Devise \u00e9piscopale:<br \/><strong>MIS\u00c9RICORDIA<br \/>Mis\u00e9ricorde<\/strong><\/p>\n<p>[\/et_pb_text][et_pb_divider color=\u00a0\u00bb#ecf0f5&Prime; _builder_version=\u00a0\u00bb4.17.3&Prime; _module_preset=\u00a0\u00bbdefault\u00a0\u00bb global_colors_info=\u00a0\u00bb{}\u00a0\u00bb][\/et_pb_divider][et_pb_text _builder_version=\u00a0\u00bb4.17.3&Prime; background_size=\u00a0\u00bbinitial\u00a0\u00bb background_position=\u00a0\u00bbtop_left\u00a0\u00bb background_repeat=\u00a0\u00bbrepeat\u00a0\u00bb global_colors_info=\u00a0\u00bb{}\u00a0\u00bb]<\/p>\n<p style=\"text-align: center;\"><strong>Antal Majnek<\/strong><\/p>\n<p><img loading=\"lazy\" decoding=\"async\" class=\"aligncenter wp-image-38 size-full\" src=\"http:\/\/munkacs-diocese.org\/fr\/wp-content\/uploads\/2019\/08\/majnek-antal.jpg\" alt=\"\" width=\"800\" height=\"600\" srcset=\"https:\/\/munkacs-diocese.org\/fr\/wp-content\/uploads\/2019\/08\/majnek-antal.jpg 800w, https:\/\/munkacs-diocese.org\/fr\/wp-content\/uploads\/2019\/08\/majnek-antal-300x225.jpg 300w, https:\/\/munkacs-diocese.org\/fr\/wp-content\/uploads\/2019\/08\/majnek-antal-768x576.jpg 768w\" sizes=\"(max-width: 800px) 100vw, 800px\" \/><\/p>\n<p>Il est n\u00e9 le 18 novembre 1951 \u00e0 Budapest. Apr\u00e8s avoir fini la facult\u00e9 d&rsquo;ing\u00e9nieur \u00e9l\u00e9ctrique \u00e0 l&rsquo;Universit\u00e9 de Technologie de Budapest, il a \u00e9t\u00e9 admis \u00e0 l&rsquo;ordre des Fr\u00e8res Mineurs de Saint Francois d&rsquo;Assise de province en Hongrie nomm\u00e9 de Saint Jean de Capistran. Il a fait ses \u00e9tudes de th\u00e9ologie \u00e0 l&rsquo;\u00e9cole sup\u00e9rieure de t\u00e9ologique d&rsquo;Esztergom et de Budapest. Le 15 septembre 1981 \u00e0 Budapest, il a prononc\u00e9 ses voeux \u00e9ternels, puis le 17 avril 1982 il a eu son ordination \u00e0 Budapest. Apr\u00e8s cela il a travaill\u00e9 dans le Lyc\u00e9e Franciscain de Szentendre comme un professeur de physique, de technique et de religion.<\/p>\n<p>Apr\u00e8s le changement de r\u00e9gime, en 1989, il est arriv\u00e9 en Transcarpathie avec deux autres moines pour servir les fid\u00e8les hongrois. Il \u00e9tait le cur\u00e9 de Huszt et il servait comme pr\u00eatre dans les environs de Huszt et de T\u00e9cso. D\u00e8s 1993, il est devenu le vicaire des fid\u00e8les hongrois de la Transcarpathie.<\/p>\n<p>Le 9 d\u00e9cembre 1995, le pape Jean Paul II a nomm\u00e9 Antal Majnek l&rsquo;\u00e9v\u00eaque titulaire, l&rsquo;\u00e9v\u00eaque auxiliaire du Gouvernement de l&rsquo;\u00c9glise de Transcarpathie. D\u00e8s le 17 d\u00e9cembre, il a \u00e9t\u00e9 le vicaire g\u00e9n\u00e9ral. L&rsquo;ordination \u00e9piscopale a eu lieu \u00e0 Rome le 6 janvier 1996, la c\u00e9r\u00e9monie \u00e9tait dirig\u00e9e par le pape. Depuis ce temps-l\u00e0, il a servi comme l&rsquo;\u00e9v\u00eaque auxiliaire d&rsquo;Antonio Franco, le nonce de Kiev. Le 7 octobre 1997, le pape Jean Paul II a nomm\u00e9 Antal Majnek l&rsquo;\u00e9v\u00eaque dioc\u00e9sain de Gouvernement de l&rsquo;\u00c9glise de la Tarnscarpathie. Le 27 mars 2002 il a \u00e9t\u00e9 nomm\u00e9 le premier \u00e9v\u00eaque du Dioc\u00e8se Romain-Catholique de Munkacs. L&rsquo;installation solennelle a eu lieu dans la cath\u00e9drale de Saint Martin de Tours de Munkacs le 27 septembre 2002. La c\u00e9r\u00e9monie \u00e9tait dirig\u00e9e par le cardinal-archev\u00eaque Marian Jaworski et le nonce apostolique Nicola Eterovic.<\/p>\n<p>Parmi les membres de Conf\u00e9rence des \u00c9v\u00eaques Romains-Catholiques de l&rsquo;Ukraine, l&rsquo;\u00e9v\u00eaque est le responsable des affaires de la protection de l&rsquo;environnement, de migration et de l&rsquo;oeucumenisme.<\/p>\n<p style=\"text-align: center;\">Sa devise \u00e9piscopale:<br \/>\n<strong>DOMINUS FORTITUDO MEA<\/strong><br \/>\n<strong>Le Seigneur est ma force<\/strong><\/p>\n<p>[\/et_pb_text][\/et_pb_column][\/et_pb_row][\/et_pb_section]<\/p>\n","protected":false},"excerpt":{"rendered":"<p>Mykola Luchok OP Il est n\u00e9 le 26 mars 1974 en Transcarpathie, \u00e0 Munk\u00e1cs. Il est entr\u00e9 dans l\u2019ordre dominicain en 1994. Il a \u00e9tudi\u00e9 la philosophie et la th\u00e9ologie pour la plupart au Coll\u00e8ge de l\u2019Ordre de Cracovice, \u00e9galement il a pass\u00e9 deux ans \u00e0 Kosice et \u00e0 Varsovie. Le 24 juin 2003 il [&hellip;]<\/p>\n","protected":false},"author":1,"featured_media":0,"parent":0,"menu_order":0,"comment_status":"closed","ping_status":"closed","template":"","meta":{"_et_pb_use_builder":"on","_et_pb_old_content":"<p style=\"text-align: center;\"><strong>Antal Majnek - \u00e9v\u00eaque dioc\u00e9sain de Moukatchevo<\/strong><\/p><p><img class=\"aligncenter wp-image-38 size-full\" src=\"http:\/\/munkacs-diocese.org\/fr\/wp-content\/uploads\/2019\/08\/majnek-antal.jpg\" alt=\"\" width=\"800\" height=\"600\" \/><\/p><p>Il est n\u00e9 le 18 novembre 1951 \u00e0 Budapest. Apr\u00e8s avoir fini la facult\u00e9 d'ing\u00e9nieur \u00e9l\u00e9ctrique \u00e0 l'Universit\u00e9 de Technologie de Budapest, il a \u00e9t\u00e9 admis \u00e0 l'ordre des Fr\u00e8res Mineurs de Saint Francois d'Assise de province en Hongrie nomm\u00e9 de Saint Jean de Capistran. Il a fait ses \u00e9tudes de th\u00e9ologie \u00e0 l'\u00e9cole sup\u00e9rieure de t\u00e9ologique d'Esztergom et de Budapest. Le 15 septembre 1981 \u00e0 Budapest, il a prononc\u00e9 ses voeux \u00e9ternels, puis le 17 avril 1982 il a eu son ordination \u00e0 Budapest. Apr\u00e8s cela il a travaill\u00e9 dans le Lyc\u00e9e Franciscain de Szentendre comme un professeur de physique, de technique et de religion.<\/p><p>Apr\u00e8s le changement de r\u00e9gime, en 1989, il est arriv\u00e9 en Transcarpathie avec deux autres moines pour servir les fid\u00e8les hongrois. Il \u00e9tait le cur\u00e9 de Huszt et il servait comme pr\u00eatre dans les environs de Huszt et de T\u00e9cso. D\u00e8s 1993, il est devenu le vicaire des fid\u00e8les hongrois de la Transcarpathie.<\/p><p>Le 9 d\u00e9cembre 1995, le pape Jean Paul II a nomm\u00e9 Antal Majnek l'\u00e9v\u00eaque titulaire, l'\u00e9v\u00eaque auxiliaire du Gouvernement de l'\u00c9glise de Transcarpathie. D\u00e8s le 17 d\u00e9cembre, il a \u00e9t\u00e9 le vicaire g\u00e9n\u00e9ral. L'ordination \u00e9piscopale a eu lieu \u00e0 Rome le 6 janvier 1996, la c\u00e9r\u00e9monie \u00e9tait dirig\u00e9e par le pape. Depuis ce temps-l\u00e0, il a servi comme l'\u00e9v\u00eaque auxiliaire d'Antonio Franco, le nonce de Kiev. Le 7 octobre 1997, le pape Jean Paul II a nomm\u00e9 Antal Majnek l'\u00e9v\u00eaque dioc\u00e9sain de Gouvernement de l'\u00c9glise de la Tarnscarpathie. Le 27 mars 2002 il a \u00e9t\u00e9 nomm\u00e9 le premier \u00e9v\u00eaque du Dioc\u00e8se Romain-Catholique de Munkacs. L'installation solennelle a eu lieu dans la cath\u00e9drale de Saint Martin de Tours de Munkacs le 27 septembre 2002. La c\u00e9r\u00e9monie \u00e9tait dirig\u00e9e par le cardinal-archev\u00eaque Marian Jaworski et le nonce apostolique Nicola Eterovic.<\/p><p>Parmi les membres de Conf\u00e9rence des \u00c9v\u00eaques Romains-Catholiques de l'Ukraine, l'\u00e9v\u00eaque est le responsable des affaires de la protection de l'environnement, de migration et de l'oeucumenisme.<\/p><p style=\"text-align: center;\">Sa devise \u00e9piscopale:<br \/><strong>DOMINUS FORTITUDO MEA<\/strong><br \/><strong>Le Seigneur est ma force<\/strong><\/p>","_et_gb_content_width":"","footnotes":""},"_links":{"self":[{"href":"https:\/\/munkacs-diocese.org\/fr\/wp-json\/wp\/v2\/pages\/37"}],"collection":[{"href":"https:\/\/munkacs-diocese.org\/fr\/wp-json\/wp\/v2\/pages"}],"about":[{"href":"https:\/\/munkacs-diocese.org\/fr\/wp-json\/wp\/v2\/types\/page"}],"author":[{"embeddable":true,"href":"https:\/\/munkacs-diocese.org\/fr\/wp-json\/wp\/v2\/users\/1"}],"replies":[{"embeddable":true,"href":"https:\/\/munkacs-diocese.org\/fr\/wp-json\/wp\/v2\/comments?post=37"}],"version-history":[{"count":9,"href":"https:\/\/munkacs-diocese.org\/fr\/wp-json\/wp\/v2\/pages\/37\/revisions"}],"predecessor-version":[{"id":352,"href":"https:\/\/munkacs-diocese.org\/fr\/wp-json\/wp\/v2\/pages\/37\/revisions\/352"}],"wp:attachment":[{"href":"https:\/\/munkacs-diocese.org\/fr\/wp-json\/wp\/v2\/media?parent=37"}],"curies":[{"name":"wp","href":"https:\/\/api.w.org\/{rel}","templated":true}]}}