{"id":34,"date":"2019-08-29T12:39:01","date_gmt":"2019-08-29T12:39:01","guid":{"rendered":"http:\/\/munkacs-diocese.org\/fr\/?page_id=34"},"modified":"2019-09-17T11:38:11","modified_gmt":"2019-09-17T11:38:11","slug":"cathedrale","status":"publish","type":"page","link":"https:\/\/munkacs-diocese.org\/fr\/cathedrale\/","title":{"rendered":"Cath\u00e9drale"},"content":{"rendered":"<p style=\"text-align: center;\"><strong>La cath\u00e9drale de Saint Martin de Tours<\/strong><\/p>\n<p><img loading=\"lazy\" decoding=\"async\" class=\"alignleft size-medium wp-image-35\" src=\"http:\/\/munkacs-diocese.org\/fr\/wp-content\/uploads\/2019\/08\/szekesegyhaz-217x300.jpg\" alt=\"\" width=\"217\" height=\"300\" srcset=\"https:\/\/munkacs-diocese.org\/fr\/wp-content\/uploads\/2019\/08\/szekesegyhaz-217x300.jpg 217w, https:\/\/munkacs-diocese.org\/fr\/wp-content\/uploads\/2019\/08\/szekesegyhaz.jpg 579w\" sizes=\"(max-width: 217px) 100vw, 217px\" \/>La ville de Mounkatchevo qui est le centre du dioc\u00e8se romain-catholique de la Transcarpathie, est divis\u00e9e en deux par la rivi\u00e8re Latorca. L&rsquo;\u00e9glise romaine-catholique s&rsquo;est \u00e9lev\u00e9e au XIV si\u00e8cle et elle a \u00e9t\u00e9 consacr\u00e9e \u00e0 l&rsquo;honneur de Saint Martin. Probablement l&rsquo;\u00e9glise \u00e9tait d\u00e9j\u00e0 construite en 1376, quand la reine \u00c9lisabeth a permis dans sa lettre \u00e9crite \u00e0 Beregovo de graver l&rsquo;image de Saint Martin sur le sceau de Mounkatchevo. La reine \u00c9lisabeth priait souvent dans cette \u00e9glise.<\/p>\n<p>Dans les ann\u00e9es 70 du XIV si\u00e8cle l&rsquo;\u00e9glise a \u00e9t\u00e9 transform\u00e9e, et dans l&rsquo;\u00e9poque des Hunyadi elle a \u00e9t\u00e9 renouvel\u00e9e. Pendant la p\u00e9riode de r\u00e9formation, plus d&rsquo;habitants de Munkacs ont accept\u00e9 la nouvelle foi, et ils ont occup\u00e9 l&rsquo;\u00e9glise. En 1660 Zsofia Bathory a rendu l&rsquo;\u00e9glise, la maison de pr\u00eatre et l&rsquo;\u00e9cole aux catholiques.<\/p>\n<p>En 1686, tandis qu&rsquo;Ilona Zrinyi d\u00e9fendait le ch\u00e2teau, Caprara, le chef de l&rsquo;arm\u00e9e d&#8217;empereur a br\u00fbl\u00e9 la ville et l&rsquo;\u00e9glise. Jusqu&rsquo;en 1725 les catholiques ont \u00e0 peu pr\u00e8s renouvel\u00e9 l&rsquo;\u00e9difice br\u00fbl\u00e9. En 1746 on a fait une reconstruction minutieuse de l&rsquo;\u00e9glise. En 1800 le comte Ervin Sch\u00f6nborn a donn\u00e9 en cadeau un autel. L&rsquo;image de l&rsquo;autel actuel a aussi \u00e9t\u00e9 pr\u00e9par\u00e9e gr\u00e2ce \u00e0 lui. Cette image repr\u00e9sente Saint Martin sur un cheval, donnant la moiti\u00e9 de son manteau \u00e0 un mendiant, qu&rsquo;il a connu plus tard dans un sommeil qu&rsquo;il n&rsquo;\u00e9tait pas un m\u00e9diant, mais le Christ. L&rsquo;image \u00e9tait peinte \u00e0 Vienne.<\/p>\n<p>A la fin de XIX si\u00e8cle la nef de l&rsquo;\u00e9glise \u00e9tait dans un mauvais \u00e9tat, alors il a fallu la d\u00e9molir. On n&rsquo;a gard\u00e9 que le sanctuaire lequel a \u00e9t\u00e9 transform\u00e9 en chapelle. En 1896 \u00e0 l&rsquo;initiative du comte Sch\u00f6nborn, on a d\u00e9cid\u00e9 de construire une nouvelle \u00e9glise. Les Sch\u00f6nborn ont donn\u00e9 la moiti\u00e9 de la somme de la construction. La nouvelle \u00e9glise a \u00e9t\u00e9 construite en 1905 selon les plans de Gyozo Czigler, par l&rsquo;ing\u00e9nieur Marton Wagner de Jaszapati dans le style eccl\u00e9ctique. Le mur de fondation de la nouvelle \u00e9glise a \u00e9t\u00e9 b\u00e9ni le 7 ao\u00fbt 1904 et l&rsquo;\u00e9glise construite a \u00e9t\u00e9 b\u00e9nie solennellement le 24 septembre1905. Apr\u00e8s 1945 l&rsquo;\u00e9glise \u00e9tait dans un mauvais \u00e9tat, mais on n&rsquo;a re\u00e7u la permission pour le renouvellement qu&rsquo;en 1967. L&#8217;emmbellissement et le renouvellement partiel continuent m\u00eame aujourd&rsquo;hui. On a construit une nouvelle cl\u00f4ture, on a renouvel\u00e9 la chapelle recouvr\u00e9e. On a restaur\u00e9 avec succ\u00e8s l&rsquo;image de Saint Martin sur l&rsquo;autel principal. A l&rsquo;occasion du centenaire de la construction de l&rsquo;\u00e9glise en 2004, le dioc\u00e8se a commenc\u00e9 un nouveau renouvellement, mais malheureusement on ne l&rsquo;a pas encore termin\u00e9.<\/p>\n<p>Le 27 mars 2002 l&rsquo;\u00e9glise est devenue la cath\u00e9drale du nouveau Dioc\u00e8se de Munkacs. L&rsquo;orgue a \u00e9t\u00e9 pr\u00e9par\u00e9 en 1913 par les Fr\u00e8res Rieger de Budapest. Pr\u00e8s de l&rsquo;entr\u00e9e de l&rsquo;\u00e9glise, on peut voir l&rsquo;image de l&rsquo;autel de l&rsquo;\u00e9glise ruin\u00e9e de Zsofiafalva. Cette image a \u00e9t\u00e9 peinte par Viktor Madar\u00e1sz. Elle repr\u00e9sente le roi Saint \u00c9tienne offrant la couronne \u00e0 Sainte Marie, et ensuite en la donnant dans les mains de Dieu.<\/p>\n","protected":false},"excerpt":{"rendered":"<p>La cath\u00e9drale de Saint Martin de Tours La ville de Mounkatchevo qui est le centre du dioc\u00e8se romain-catholique de la Transcarpathie, est divis\u00e9e en deux par la rivi\u00e8re Latorca. L&rsquo;\u00e9glise romaine-catholique s&rsquo;est \u00e9lev\u00e9e au XIV si\u00e8cle et elle a \u00e9t\u00e9 consacr\u00e9e \u00e0 l&rsquo;honneur de Saint Martin. Probablement l&rsquo;\u00e9glise \u00e9tait d\u00e9j\u00e0 construite en 1376, quand la [&hellip;]<\/p>\n","protected":false},"author":1,"featured_media":0,"parent":0,"menu_order":0,"comment_status":"closed","ping_status":"closed","template":"","meta":{"_et_pb_use_builder":"","_et_pb_old_content":"","_et_gb_content_width":"","footnotes":""},"_links":{"self":[{"href":"https:\/\/munkacs-diocese.org\/fr\/wp-json\/wp\/v2\/pages\/34"}],"collection":[{"href":"https:\/\/munkacs-diocese.org\/fr\/wp-json\/wp\/v2\/pages"}],"about":[{"href":"https:\/\/munkacs-diocese.org\/fr\/wp-json\/wp\/v2\/types\/page"}],"author":[{"embeddable":true,"href":"https:\/\/munkacs-diocese.org\/fr\/wp-json\/wp\/v2\/users\/1"}],"replies":[{"embeddable":true,"href":"https:\/\/munkacs-diocese.org\/fr\/wp-json\/wp\/v2\/comments?post=34"}],"version-history":[{"count":3,"href":"https:\/\/munkacs-diocese.org\/fr\/wp-json\/wp\/v2\/pages\/34\/revisions"}],"predecessor-version":[{"id":97,"href":"https:\/\/munkacs-diocese.org\/fr\/wp-json\/wp\/v2\/pages\/34\/revisions\/97"}],"wp:attachment":[{"href":"https:\/\/munkacs-diocese.org\/fr\/wp-json\/wp\/v2\/media?parent=34"}],"curies":[{"name":"wp","href":"https:\/\/api.w.org\/{rel}","templated":true}]}}